{"id":35776,"date":"2026-04-28T07:36:04","date_gmt":"2026-04-28T07:36:04","guid":{"rendered":"https:\/\/wg-siebketten.de\/?post_type=product&#038;p=35776"},"modified":"2026-04-30T09:37:29","modified_gmt":"2026-04-30T09:37:29","slug":"riemen-fuer-rundballenpressen-wickler-schleudern","status":"publish","type":"product","link":"https:\/\/wg-siebketten.de\/de\/produkt\/riemen-fuer-rundballenpressen-wickler-schleudern\/","title":{"rendered":"Riemen f\u00fcr Rundballenpressen Wickler Schleudern"},"content":{"rendered":"<p>bei uns bekommen Sie Riemen f\u00fcr Rundballenpressen und Wickler. Sowie f\u00fcr Schleudern von kleinen Hochdruckballen<\/p>\n<p>St\u00e4rke des Riemens 6,5mm mit einer Gewebeeinlage.<\/p>\n<p>Verbindung mit Mako Haken (Umgangssprachlich: Krokodilklemme) inkl. Verbindungsstange<\/p>\n<p>hier einige Beispiele.<\/p>\n<p>Sollten Riemen in der Liste fehlen: Mail an\u00a0 info@wg-siebketten.de oder Tel. 05254 990 930<\/p>\n","protected":false},"excerpt":{"rendered":"<p>bei uns bekommen Sie Riemen f\u00fcr Rundballenpressen und Wickler. Sowie f\u00fcr Schleudern von kleinen Hochdruckballen St\u00e4rke des Riemens 6,5mm mit einer Gewebeeinlage. Verbindung mit Mako Haken (Umgangssprachlich: Krokodilklemme) inkl. Verbindungsstange hier einige Beispiele. Sollten Riemen in der Liste fehlen: Mail an\u00a0 info@wg-siebketten.de oder Tel. 05254 990 930<\/p>\n","protected":false},"featured_media":35781,"template":"","meta":{"_acf_changed":false,"inline_featured_image":false},"product_brand":[],"product_cat":[95,92],"product_tag":[],"class_list":{"0":"post-35776","1":"product","2":"type-product","3":"status-publish","4":"has-post-thumbnail","6":"product_cat-baender","7":"product_cat-riemen","8":"pa_breite-3425","9":"pa_breite-3431","10":"pa_breite-3432","11":"pa_breite-3426","12":"pa_breite-3427","13":"pa_breite-3430","14":"pa_breite-3434","15":"pa_breite-3428","16":"pa_breite-3435","17":"pa_breite-3429","18":"pa_breite-3464","19":"pa_breite-3433","20":"pa_breite-3436","21":"pa_laenge-10-681","22":"pa_laenge-10-700","23":"pa_laenge-10-800","24":"pa_laenge-10-850","25":"pa_laenge-10-952","26":"pa_laenge-10-998","27":"pa_laenge-11-000","28":"pa_laenge-11-225","29":"pa_laenge-11-250","30":"pa_laenge-11-650","31":"pa_laenge-11-673","32":"pa_laenge-12-000","33":"pa_laenge-12-093","34":"pa_laenge-12-630","35":"pa_laenge-12-645","36":"pa_laenge-12-670","37":"pa_laenge-12-680","38":"pa_laenge-12-700","39":"pa_laenge-12-870","40":"pa_laenge-13-030","41":"pa_laenge-2-050","42":"pa_laenge-3-080","43":"pa_laenge-4-930","44":"pa_laenge-6-800","45":"pa_laenge-6-920","46":"pa_laenge-8-712","47":"pa_laenge-9-296","49":"first","50":"instock","51":"taxable","52":"shipping-taxable","53":"purchasable","54":"product-type-variable"},"acf":[],"_links":{"self":[{"href":"https:\/\/wg-siebketten.de\/de\/wp-json\/wp\/v2\/product\/35776","targetHints":{"allow":["GET"]}}],"collection":[{"href":"https:\/\/wg-siebketten.de\/de\/wp-json\/wp\/v2\/product"}],"about":[{"href":"https:\/\/wg-siebketten.de\/de\/wp-json\/wp\/v2\/types\/product"}],"wp:featuredmedia":[{"embeddable":true,"href":"https:\/\/wg-siebketten.de\/de\/wp-json\/wp\/v2\/media\/35781"}],"wp:attachment":[{"href":"https:\/\/wg-siebketten.de\/de\/wp-json\/wp\/v2\/media?parent=35776"}],"wp:term":[{"taxonomy":"product_brand","embeddable":true,"href":"https:\/\/wg-siebketten.de\/de\/wp-json\/wp\/v2\/product_brand?post=35776"},{"taxonomy":"product_cat","embeddable":true,"href":"https:\/\/wg-siebketten.de\/de\/wp-json\/wp\/v2\/product_cat?post=35776"},{"taxonomy":"product_tag","embeddable":true,"href":"https:\/\/wg-siebketten.de\/de\/wp-json\/wp\/v2\/product_tag?post=35776"}],"curies":[{"name":"wp","href":"https:\/\/api.w.org\/{rel}","templated":true}]}}