{"id":35758,"date":"2026-04-21T09:12:30","date_gmt":"2026-04-21T09:12:30","guid":{"rendered":"https:\/\/development.wg-siebketten.de\/?post_type=product&#038;p=35758"},"modified":"2026-04-21T09:24:07","modified_gmt":"2026-04-21T09:24:07","slug":"typ-grimme-uebergabeband-ueberladeband","status":"publish","type":"product","link":"https:\/\/wg-siebketten.de\/de\/produkt\/typ-grimme-uebergabeband-ueberladeband\/","title":{"rendered":"Typ Grimme \u00dcbergabeband \u00dcberladeband"},"content":{"rendered":"<p>Wir stellen B\u00e4nder f\u00fcr Erntemaschinen \/ Kartoffelroder Typ Grimme her.<\/p>\n<p>hier einige \u00dcbergabe- \/ \u00dcberladeb\u00e4nder.<\/p>\n<p>Bilder sind in Bearbeitung und weichen z.Z. ab<\/p>\n<p>Sollte ein Band in der Liste fehlen: Mail an\u00a0 info@wg-siebketten.de oder Tel. 05254 990 930<\/p>\n<p>Einige Beispiele was f\u00fcr B\u00e4nder wir herstellen:<\/p>\n<p>Abdeckb\u00e4nder: unterschiedlicher Breite 350, 660, 990, &#8230;.<br \/>\nBeimengenb\u00e4nder: unterschiedlicher Breite 180, 250, 300, 350, 400, 500, 700, &#8230;<br \/>\nKrautb\u00e4nder: unterschiedlicher Breite 600, 750, 850, 995, 1600, 1775, &#8230;<br \/>\nIgelb\u00e4nder H Profil: unterschiedlicher Breite 450, 610, 730, 800, 900, 1000, &#8230;<br \/>\nIgelb\u00e4nder V Profil: unterschiedlicher Breite 610, 700, 730, 800, 900, 1000, 1160, 1450, 1700, &#8230;<br \/>\nKlutenroste: unterschiedlicher Breite 650, 750, 1450, &#8230;<br \/>\nQuerb\u00e4nder: unterschiedlicher Breite 500, 550, 600, 650, 700, 1450, &#8230;<br \/>\nRodeketten: unterschiedlicher Breite 800, 1450, 1625, &#8230;<br \/>\nSiebb\u00e4nder: unterschiedlicher Breite 250, 300, 350, 400, 450, 500, 600, 650, 700, 750, 800, 900, 1000, 1160, 1250, 1450, 1625, 1700, &#8230;<br \/>\nVerleseb\u00e4nder: unterschiedlicher Breite 480, 550, 600, 700, 750, 1000, &#8230;<br \/>\nZubringeb\u00e4nder: unterschiedlicher Breite 600, 700, 730, &#8230;<\/p>\n","protected":false},"excerpt":{"rendered":"<p>Wir stellen B\u00e4nder f\u00fcr Erntemaschinen \/ Kartoffelroder Typ Grimme her. hier einige \u00dcbergabe- \/ \u00dcberladeb\u00e4nder. Bilder sind in Bearbeitung und weichen z.Z. ab Sollte ein Band in der Liste fehlen: Mail an\u00a0 info@wg-siebketten.de oder Tel. 05254 990 930 Einige Beispiele was f\u00fcr B\u00e4nder wir herstellen: Abdeckb\u00e4nder: unterschiedlicher Breite 350, 660, 990, &#8230;. Beimengenb\u00e4nder: unterschiedlicher Breite [&hellip;]<\/p>\n","protected":false},"featured_media":34651,"template":"","meta":{"_acf_changed":false,"inline_featured_image":false},"product_brand":[],"product_cat":[95],"product_tag":[],"class_list":{"0":"post-35758","1":"product","2":"type-product","3":"status-publish","4":"has-post-thumbnail","6":"product_cat-baender","8":"first","9":"instock","10":"taxable","11":"shipping-taxable","12":"purchasable","13":"product-type-variable"},"acf":[],"_links":{"self":[{"href":"https:\/\/wg-siebketten.de\/de\/wp-json\/wp\/v2\/product\/35758","targetHints":{"allow":["GET"]}}],"collection":[{"href":"https:\/\/wg-siebketten.de\/de\/wp-json\/wp\/v2\/product"}],"about":[{"href":"https:\/\/wg-siebketten.de\/de\/wp-json\/wp\/v2\/types\/product"}],"wp:featuredmedia":[{"embeddable":true,"href":"https:\/\/wg-siebketten.de\/de\/wp-json\/wp\/v2\/media\/34651"}],"wp:attachment":[{"href":"https:\/\/wg-siebketten.de\/de\/wp-json\/wp\/v2\/media?parent=35758"}],"wp:term":[{"taxonomy":"product_brand","embeddable":true,"href":"https:\/\/wg-siebketten.de\/de\/wp-json\/wp\/v2\/product_brand?post=35758"},{"taxonomy":"product_cat","embeddable":true,"href":"https:\/\/wg-siebketten.de\/de\/wp-json\/wp\/v2\/product_cat?post=35758"},{"taxonomy":"product_tag","embeddable":true,"href":"https:\/\/wg-siebketten.de\/de\/wp-json\/wp\/v2\/product_tag?post=35758"}],"curies":[{"name":"wp","href":"https:\/\/api.w.org\/{rel}","templated":true}]}}