{"id":35633,"date":"2026-04-15T11:57:15","date_gmt":"2026-04-15T11:57:15","guid":{"rendered":"https:\/\/development.wg-siebketten.de\/?post_type=product&#038;p=35633"},"modified":"2026-04-30T09:32:10","modified_gmt":"2026-04-30T09:32:10","slug":"krautbaender-igelbaender-feinkrautbaender-fuer-trumag-bergmann-kverneland-hassia","status":"publish","type":"product","link":"https:\/\/wg-siebketten.de\/de\/produkt\/krautbaender-igelbaender-feinkrautbaender-fuer-trumag-bergmann-kverneland-hassia\/","title":{"rendered":"Krautb\u00e4nder Igelb\u00e4nder Feinkrautb\u00e4nder f\u00fcr Trumag Bergmann Kverneland Hassia"},"content":{"rendered":"<p>Wir stellen B\u00e4nder f\u00fcr Erntemaschinen \/ Kartoffelroder Typ Trumag, Bergmann, Kverneland, Hassia her.<\/p>\n<p>hier einige Grobkrautb\u00e4nder, Igelb\u00e4nder \/ Feinkrautb\u00e4nder.<\/p>\n<p>Bilder sind in Bearbeitung und weichen z.Z. ab<\/p>\n<p>Sollte ein Band in der Liste fehlen: Mail an\u00a0 info@wg-siebketten.de oder Tel. 05254 990 930<\/p>\n","protected":false},"excerpt":{"rendered":"<p>Wir stellen B\u00e4nder f\u00fcr Erntemaschinen \/ Kartoffelroder Typ Trumag, Bergmann, Kverneland, Hassia her. hier einige Grobkrautb\u00e4nder, Igelb\u00e4nder \/ Feinkrautb\u00e4nder. Bilder sind in Bearbeitung und weichen z.Z. ab Sollte ein Band in der Liste fehlen: Mail an\u00a0 info@wg-siebketten.de oder Tel. 05254 990 930<\/p>\n","protected":false},"featured_media":34651,"template":"","meta":{"_acf_changed":false,"inline_featured_image":false},"product_brand":[],"product_cat":[95],"product_tag":[],"class_list":{"0":"post-35633","1":"product","2":"type-product","3":"status-publish","4":"has-post-thumbnail","6":"product_cat-baender","8":"first","9":"instock","10":"taxable","11":"shipping-taxable","12":"purchasable","13":"product-type-variable"},"acf":[],"_links":{"self":[{"href":"https:\/\/wg-siebketten.de\/de\/wp-json\/wp\/v2\/product\/35633","targetHints":{"allow":["GET"]}}],"collection":[{"href":"https:\/\/wg-siebketten.de\/de\/wp-json\/wp\/v2\/product"}],"about":[{"href":"https:\/\/wg-siebketten.de\/de\/wp-json\/wp\/v2\/types\/product"}],"wp:featuredmedia":[{"embeddable":true,"href":"https:\/\/wg-siebketten.de\/de\/wp-json\/wp\/v2\/media\/34651"}],"wp:attachment":[{"href":"https:\/\/wg-siebketten.de\/de\/wp-json\/wp\/v2\/media?parent=35633"}],"wp:term":[{"taxonomy":"product_brand","embeddable":true,"href":"https:\/\/wg-siebketten.de\/de\/wp-json\/wp\/v2\/product_brand?post=35633"},{"taxonomy":"product_cat","embeddable":true,"href":"https:\/\/wg-siebketten.de\/de\/wp-json\/wp\/v2\/product_cat?post=35633"},{"taxonomy":"product_tag","embeddable":true,"href":"https:\/\/wg-siebketten.de\/de\/wp-json\/wp\/v2\/product_tag?post=35633"}],"curies":[{"name":"wp","href":"https:\/\/api.w.org\/{rel}","templated":true}]}}