{"id":33047,"date":"2025-07-29T12:54:56","date_gmt":"2025-07-29T12:54:56","guid":{"rendered":"https:\/\/wg-siebketten.de\/produkt\/schrauben\/"},"modified":"2025-07-29T12:55:34","modified_gmt":"2025-07-29T12:55:34","slug":"schrauben","status":"publish","type":"product","link":"https:\/\/wg-siebketten.de\/de\/produkt\/schrauben\/","title":{"rendered":"Schrauben"},"content":{"rendered":"<p>F\u00fcr Gewindeplatten und Schloss<br \/>\nZum Verschrauben, f\u00fcr \u00fcberlappende Verbindungen oder zur Reparatur<\/p>\n","protected":false},"excerpt":{"rendered":"<p>F\u00fcr Gewindeplatten und Schloss Zum Verschrauben, f\u00fcr \u00fcberlappende Verbindungen oder zur Reparatur<\/p>\n","protected":false},"featured_media":32761,"template":"","meta":{"_acf_changed":false,"inline_featured_image":false},"product_brand":[],"product_cat":[96],"product_tag":[],"class_list":{"0":"post-33047","1":"product","2":"type-product","3":"status-publish","4":"has-post-thumbnail","6":"product_cat-verbindungen","7":"pa_groesse-m-5x25","8":"pa_groesse-m-5x25-m-6x30","9":"pa_groesse-m-6x30","11":"first","12":"instock","13":"purchasable","14":"product-type-variable"},"acf":[],"_links":{"self":[{"href":"https:\/\/wg-siebketten.de\/de\/wp-json\/wp\/v2\/product\/33047","targetHints":{"allow":["GET"]}}],"collection":[{"href":"https:\/\/wg-siebketten.de\/de\/wp-json\/wp\/v2\/product"}],"about":[{"href":"https:\/\/wg-siebketten.de\/de\/wp-json\/wp\/v2\/types\/product"}],"wp:featuredmedia":[{"embeddable":true,"href":"https:\/\/wg-siebketten.de\/de\/wp-json\/wp\/v2\/media\/32761"}],"wp:attachment":[{"href":"https:\/\/wg-siebketten.de\/de\/wp-json\/wp\/v2\/media?parent=33047"}],"wp:term":[{"taxonomy":"product_brand","embeddable":true,"href":"https:\/\/wg-siebketten.de\/de\/wp-json\/wp\/v2\/product_brand?post=33047"},{"taxonomy":"product_cat","embeddable":true,"href":"https:\/\/wg-siebketten.de\/de\/wp-json\/wp\/v2\/product_cat?post=33047"},{"taxonomy":"product_tag","embeddable":true,"href":"https:\/\/wg-siebketten.de\/de\/wp-json\/wp\/v2\/product_tag?post=33047"}],"curies":[{"name":"wp","href":"https:\/\/api.w.org\/{rel}","templated":true}]}}