{"id":33023,"date":"2025-07-29T12:54:31","date_gmt":"2025-07-29T12:54:31","guid":{"rendered":"https:\/\/wg-siebketten.de\/produkt\/verschleissbuchsen\/"},"modified":"2025-07-29T12:54:58","modified_gmt":"2025-07-29T12:54:58","slug":"verschleissbuchsen","status":"publish","type":"product","link":"https:\/\/wg-siebketten.de\/de\/produkt\/verschleissbuchsen\/","title":{"rendered":"Verschlei\u00dfbuchsen"},"content":{"rendered":"<p>F\u00fcr Mutterteil mit Bund. F\u00fcr Vaterteil ohne Bund.<\/p>\n","protected":false},"excerpt":{"rendered":"<p>F\u00fcr Mutterteil mit Bund. F\u00fcr Vaterteil ohne Bund.<\/p>\n","protected":false},"featured_media":31407,"template":"","meta":{"_acf_changed":false,"inline_featured_image":false},"product_brand":[],"product_cat":[96],"product_tag":[],"class_list":{"0":"post-33023","1":"product","2":"type-product","3":"status-publish","4":"has-post-thumbnail","6":"product_cat-verbindungen","7":"pa_fuer-schlosstyp-7-5-bs-en","8":"pa_fuer-schlosstyp-bs-50-riemen","9":"pa_fuer-schlosstyp-bsv-igelband","10":"pa_fuer-schlosstyp-gimme-bs-50-riemen-bsv-igelband-7-5-bs","11":"pa_fuer-schlosstyp-grimme-en","13":"first","14":"instock","15":"purchasable","16":"product-type-variable"},"acf":[],"_links":{"self":[{"href":"https:\/\/wg-siebketten.de\/de\/wp-json\/wp\/v2\/product\/33023","targetHints":{"allow":["GET"]}}],"collection":[{"href":"https:\/\/wg-siebketten.de\/de\/wp-json\/wp\/v2\/product"}],"about":[{"href":"https:\/\/wg-siebketten.de\/de\/wp-json\/wp\/v2\/types\/product"}],"wp:featuredmedia":[{"embeddable":true,"href":"https:\/\/wg-siebketten.de\/de\/wp-json\/wp\/v2\/media\/31407"}],"wp:attachment":[{"href":"https:\/\/wg-siebketten.de\/de\/wp-json\/wp\/v2\/media?parent=33023"}],"wp:term":[{"taxonomy":"product_brand","embeddable":true,"href":"https:\/\/wg-siebketten.de\/de\/wp-json\/wp\/v2\/product_brand?post=33023"},{"taxonomy":"product_cat","embeddable":true,"href":"https:\/\/wg-siebketten.de\/de\/wp-json\/wp\/v2\/product_cat?post=33023"},{"taxonomy":"product_tag","embeddable":true,"href":"https:\/\/wg-siebketten.de\/de\/wp-json\/wp\/v2\/product_tag?post=33023"}],"curies":[{"name":"wp","href":"https:\/\/api.w.org\/{rel}","templated":true}]}}