{"id":33017,"date":"2025-07-18T08:48:29","date_gmt":"2025-07-18T08:48:29","guid":{"rendered":"https:\/\/development.wg-siebketten.de\/produkt\/dp\/"},"modified":"2026-04-15T07:23:02","modified_gmt":"2026-04-15T07:23:02","slug":"dp","status":"publish","type":"product","link":"https:\/\/wg-siebketten.de\/de\/produkt\/dp\/","title":{"rendered":"DP Schlosszwischenst\u00fcck"},"content":{"rendered":"<p>geschwei\u00dftes Verbindungsst\u00fcck zwischen 2 Mutterteilen passend f\u00fcr Schlosstyp GAB<\/p>\n","protected":false},"excerpt":{"rendered":"<p>geschwei\u00dftes Verbindungsst\u00fcck zwischen 2 Mutterteilen passend f\u00fcr Schlosstyp GAB<\/p>\n","protected":false},"featured_media":34833,"template":"","meta":{"_acf_changed":false,"inline_featured_image":false},"product_brand":[],"product_cat":[96],"product_tag":[],"class_list":{"0":"post-33017","1":"product","2":"type-product","3":"status-publish","4":"has-post-thumbnail","6":"product_cat-verbindungen","7":"pa_riemenbreite-mm-2533","8":"pa_teilung-mm-2590","9":"pa_teilung-mm-2593","10":"pa_teilung-mm-2594","11":"pa_teilung-mm-2604","12":"pa_teilung-mm-2596","13":"pa_teilung-mm-2597","15":"first","16":"instock","17":"taxable","18":"shipping-taxable","19":"purchasable","20":"product-type-variable"},"acf":[],"_links":{"self":[{"href":"https:\/\/wg-siebketten.de\/de\/wp-json\/wp\/v2\/product\/33017","targetHints":{"allow":["GET"]}}],"collection":[{"href":"https:\/\/wg-siebketten.de\/de\/wp-json\/wp\/v2\/product"}],"about":[{"href":"https:\/\/wg-siebketten.de\/de\/wp-json\/wp\/v2\/types\/product"}],"wp:featuredmedia":[{"embeddable":true,"href":"https:\/\/wg-siebketten.de\/de\/wp-json\/wp\/v2\/media\/34833"}],"wp:attachment":[{"href":"https:\/\/wg-siebketten.de\/de\/wp-json\/wp\/v2\/media?parent=33017"}],"wp:term":[{"taxonomy":"product_brand","embeddable":true,"href":"https:\/\/wg-siebketten.de\/de\/wp-json\/wp\/v2\/product_brand?post=33017"},{"taxonomy":"product_cat","embeddable":true,"href":"https:\/\/wg-siebketten.de\/de\/wp-json\/wp\/v2\/product_cat?post=33017"},{"taxonomy":"product_tag","embeddable":true,"href":"https:\/\/wg-siebketten.de\/de\/wp-json\/wp\/v2\/product_tag?post=33017"}],"curies":[{"name":"wp","href":"https:\/\/api.w.org\/{rel}","templated":true}]}}