{"id":33011,"date":"2025-07-18T08:48:29","date_gmt":"2025-07-18T08:48:29","guid":{"rendered":"https:\/\/development.wg-siebketten.de\/produkt\/typ-gab\/"},"modified":"2026-04-15T07:22:12","modified_gmt":"2026-04-15T07:22:12","slug":"typ-gab","status":"publish","type":"product","link":"https:\/\/wg-siebketten.de\/de\/produkt\/typ-gab\/","title":{"rendered":"Schloss Typ: GAB"},"content":{"rendered":"<p>geschwei\u00dftes Schloss<\/p>\n<p>Optional mit DP (Zwischenst\u00fcck f\u00fcr 2 Verbindungsst\u00e4be)<br \/>\nF\u00fcr 10 mm Verbindungsstab<br \/>\nF\u00fcr Riementyp GR, DN\/FZ, EN\/HZ, EN\/FZ<\/p>\n<p>Mutterteil: 2 Seitenstege<\/p>\n<p>Vaterteil: 1 Mittelsteg<\/p>\n<p>wird inkl. Befestigungsmaterial geliefert (Nieten)<\/p>\n","protected":false},"excerpt":{"rendered":"<p>geschwei\u00dftes Schloss Optional mit DP (Zwischenst\u00fcck f\u00fcr 2 Verbindungsst\u00e4be) F\u00fcr 10 mm Verbindungsstab F\u00fcr Riementyp GR, DN\/FZ, EN\/HZ, EN\/FZ Mutterteil: 2 Seitenstege Vaterteil: 1 Mittelsteg wird inkl. Befestigungsmaterial geliefert (Nieten)<\/p>\n","protected":false},"featured_media":34829,"template":"","meta":{"_acf_changed":false,"inline_featured_image":false},"product_brand":[],"product_cat":[96],"product_tag":[],"class_list":{"0":"post-33011","1":"product","2":"type-product","3":"status-publish","4":"has-post-thumbnail","6":"product_cat-verbindungen","7":"pa_lochabstand-mm-2534","8":"pa_lochabstand-mm-2545","9":"pa_riemenbreite-mm-2533","10":"pa_teilung-mm-2590","11":"pa_teilung-mm-28-36-40-45-50","12":"pa_teilung-mm-2593","13":"pa_teilung-mm-2594","14":"pa_teilung-mm-2604","15":"pa_teilung-mm-2596","16":"pa_teilung-mm-2597","18":"first","19":"instock","20":"taxable","21":"shipping-taxable","22":"purchasable","23":"product-type-variable"},"acf":[],"_links":{"self":[{"href":"https:\/\/wg-siebketten.de\/de\/wp-json\/wp\/v2\/product\/33011","targetHints":{"allow":["GET"]}}],"collection":[{"href":"https:\/\/wg-siebketten.de\/de\/wp-json\/wp\/v2\/product"}],"about":[{"href":"https:\/\/wg-siebketten.de\/de\/wp-json\/wp\/v2\/types\/product"}],"wp:featuredmedia":[{"embeddable":true,"href":"https:\/\/wg-siebketten.de\/de\/wp-json\/wp\/v2\/media\/34829"}],"wp:attachment":[{"href":"https:\/\/wg-siebketten.de\/de\/wp-json\/wp\/v2\/media?parent=33011"}],"wp:term":[{"taxonomy":"product_brand","embeddable":true,"href":"https:\/\/wg-siebketten.de\/de\/wp-json\/wp\/v2\/product_brand?post=33011"},{"taxonomy":"product_cat","embeddable":true,"href":"https:\/\/wg-siebketten.de\/de\/wp-json\/wp\/v2\/product_cat?post=33011"},{"taxonomy":"product_tag","embeddable":true,"href":"https:\/\/wg-siebketten.de\/de\/wp-json\/wp\/v2\/product_tag?post=33011"}],"curies":[{"name":"wp","href":"https:\/\/api.w.org\/{rel}","templated":true}]}}