{"id":32984,"date":"2025-07-29T12:53:28","date_gmt":"2025-07-29T12:53:28","guid":{"rendered":"https:\/\/wg-siebketten.de\/produkt\/schloss-typ-bsv\/"},"modified":"2025-07-29T12:53:50","modified_gmt":"2025-07-29T12:53:50","slug":"schloss-typ-bsv","status":"publish","type":"product","link":"https:\/\/wg-siebketten.de\/de\/produkt\/schloss-typ-bsv\/","title":{"rendered":"Schloss Typ: BSV"},"content":{"rendered":"<p>(Mutterteil (M) &#8211; 2 Buchsen)<br \/>\n (Vaterteil (V) &#8211; 1 Buchse)<br \/>\n F\u00fcr 8 mm Bolzen<br \/>\n F\u00fcr Riementyp EN\/FZ, EN\/HZ<br \/>\n F\u00fcr Igelb\u00e4nder<br \/>\n Diese Schl\u00f6sser sind mit Verschlei\u00dfbuchsen ausgestattet.<\/p>\n","protected":false},"excerpt":{"rendered":"<p>(Mutterteil (M) &#8211; 2 Buchsen) (Vaterteil (V) &#8211; 1 Buchse) F\u00fcr 8 mm Bolzen F\u00fcr Riementyp EN\/FZ, EN\/HZ F\u00fcr Igelb\u00e4nder Diese Schl\u00f6sser sind mit Verschlei\u00dfbuchsen ausgestattet.<\/p>\n","protected":false},"featured_media":32767,"template":"","meta":{"_acf_changed":false,"inline_featured_image":false},"product_brand":[],"product_cat":[96],"product_tag":[],"class_list":{"0":"post-32984","1":"product","2":"type-product","3":"status-publish","4":"has-post-thumbnail","6":"product_cat-verbindungen","7":"pa_lochabstand-mm-30-32-langloch","8":"pa_riemenbreite-mm-2533","9":"pa_teilung-mm-2600","10":"pa_teilung-mm-35-40","11":"pa_teilung-mm-2594","13":"first","14":"instock","15":"purchasable","16":"product-type-variable"},"acf":[],"_links":{"self":[{"href":"https:\/\/wg-siebketten.de\/de\/wp-json\/wp\/v2\/product\/32984","targetHints":{"allow":["GET"]}}],"collection":[{"href":"https:\/\/wg-siebketten.de\/de\/wp-json\/wp\/v2\/product"}],"about":[{"href":"https:\/\/wg-siebketten.de\/de\/wp-json\/wp\/v2\/types\/product"}],"wp:featuredmedia":[{"embeddable":true,"href":"https:\/\/wg-siebketten.de\/de\/wp-json\/wp\/v2\/media\/32767"}],"wp:attachment":[{"href":"https:\/\/wg-siebketten.de\/de\/wp-json\/wp\/v2\/media?parent=32984"}],"wp:term":[{"taxonomy":"product_brand","embeddable":true,"href":"https:\/\/wg-siebketten.de\/de\/wp-json\/wp\/v2\/product_brand?post=32984"},{"taxonomy":"product_cat","embeddable":true,"href":"https:\/\/wg-siebketten.de\/de\/wp-json\/wp\/v2\/product_cat?post=32984"},{"taxonomy":"product_tag","embeddable":true,"href":"https:\/\/wg-siebketten.de\/de\/wp-json\/wp\/v2\/product_tag?post=32984"}],"curies":[{"name":"wp","href":"https:\/\/api.w.org\/{rel}","templated":true}]}}