{"id":32969,"date":"2025-07-29T12:53:28","date_gmt":"2025-07-29T12:53:28","guid":{"rendered":"https:\/\/wg-siebketten.de\/produkt\/schloss-typ-ab\/"},"modified":"2025-07-29T12:53:50","modified_gmt":"2025-07-29T12:53:50","slug":"schloss-typ-ab","status":"publish","type":"product","link":"https:\/\/wg-siebketten.de\/de\/produkt\/schloss-typ-ab\/","title":{"rendered":"Schloss Typ: AB"},"content":{"rendered":"<p>Alle Schl\u00f6sser werden in der Regel mit Nieten befestigt.<br \/>\nF\u00fcr 10 &#038; 11 mm Verbindungsstab<br \/>\nF\u00fcr Riementyp EN\/FZ<\/p>\n","protected":false},"excerpt":{"rendered":"<p>Alle Schl\u00f6sser werden in der Regel mit Nieten befestigt. F\u00fcr 10 &#038; 11 mm Verbindungsstab F\u00fcr Riementyp EN\/FZ<\/p>\n","protected":false},"featured_media":31363,"template":"","meta":{"_acf_changed":false,"inline_featured_image":false},"product_brand":[],"product_cat":[1722,96],"product_tag":[],"class_list":{"0":"post-32969","1":"product","2":"type-product","3":"status-publish","4":"has-post-thumbnail","6":"product_cat-fasteners","7":"product_cat-verbindungen","8":"pa_lochabstand-mm-2572","9":"pa_lochabstand-mm-20-24-30","10":"pa_lochabstand-mm-2542","11":"pa_lochabstand-mm-2534","12":"pa_riemenbreite-mm-2571","13":"pa_riemenbreite-mm-40-50-60","14":"pa_riemenbreite-mm-2541","15":"pa_riemenbreite-mm-2533","16":"pa_teilung-mm-2590","17":"pa_teilung-mm-28-32-36-40","18":"pa_teilung-mm-2592","19":"pa_teilung-mm-2593","20":"pa_teilung-mm-2594","22":"first","23":"instock","24":"purchasable","25":"product-type-variable"},"acf":[],"_links":{"self":[{"href":"https:\/\/wg-siebketten.de\/de\/wp-json\/wp\/v2\/product\/32969","targetHints":{"allow":["GET"]}}],"collection":[{"href":"https:\/\/wg-siebketten.de\/de\/wp-json\/wp\/v2\/product"}],"about":[{"href":"https:\/\/wg-siebketten.de\/de\/wp-json\/wp\/v2\/types\/product"}],"wp:featuredmedia":[{"embeddable":true,"href":"https:\/\/wg-siebketten.de\/de\/wp-json\/wp\/v2\/media\/31363"}],"wp:attachment":[{"href":"https:\/\/wg-siebketten.de\/de\/wp-json\/wp\/v2\/media?parent=32969"}],"wp:term":[{"taxonomy":"product_brand","embeddable":true,"href":"https:\/\/wg-siebketten.de\/de\/wp-json\/wp\/v2\/product_brand?post=32969"},{"taxonomy":"product_cat","embeddable":true,"href":"https:\/\/wg-siebketten.de\/de\/wp-json\/wp\/v2\/product_cat?post=32969"},{"taxonomy":"product_tag","embeddable":true,"href":"https:\/\/wg-siebketten.de\/de\/wp-json\/wp\/v2\/product_tag?post=32969"}],"curies":[{"name":"wp","href":"https:\/\/api.w.org\/{rel}","templated":true}]}}