{"id":32968,"date":"2025-07-29T12:53:28","date_gmt":"2025-07-29T12:53:28","guid":{"rendered":"https:\/\/wg-siebketten.de\/produkt\/ueberlappend\/"},"modified":"2025-07-29T12:53:31","modified_gmt":"2025-07-29T12:53:31","slug":"ueberlappend","status":"publish","type":"product","link":"https:\/\/wg-siebketten.de\/de\/produkt\/ueberlappend\/","title":{"rendered":"\u00dcberlappend"},"content":{"rendered":"<p>Standard \u00fcber 5 oder 7 St\u00e4be<br \/>\nAndere Anzahl m\u00f6glich<br \/>\nAuch endlose Verbindung m\u00f6glich\/nicht sichtbare Verbindung<\/p>\n","protected":false},"excerpt":{"rendered":"<p>Standard \u00fcber 5 oder 7 St\u00e4be Andere Anzahl m\u00f6glich Auch endlose Verbindung m\u00f6glich\/nicht sichtbare Verbindung<\/p>\n","protected":false},"featured_media":31361,"template":"","meta":{"_acf_changed":false,"inline_featured_image":false},"product_brand":[],"product_cat":[1722,96],"product_tag":[],"class_list":{"0":"post-32968","1":"product","2":"type-product","3":"status-publish","4":"has-post-thumbnail","6":"product_cat-fasteners","7":"product_cat-verbindungen","9":"first","10":"instock","11":"purchasable","12":"product-type-simple"},"acf":[],"_links":{"self":[{"href":"https:\/\/wg-siebketten.de\/de\/wp-json\/wp\/v2\/product\/32968","targetHints":{"allow":["GET"]}}],"collection":[{"href":"https:\/\/wg-siebketten.de\/de\/wp-json\/wp\/v2\/product"}],"about":[{"href":"https:\/\/wg-siebketten.de\/de\/wp-json\/wp\/v2\/types\/product"}],"wp:featuredmedia":[{"embeddable":true,"href":"https:\/\/wg-siebketten.de\/de\/wp-json\/wp\/v2\/media\/31361"}],"wp:attachment":[{"href":"https:\/\/wg-siebketten.de\/de\/wp-json\/wp\/v2\/media?parent=32968"}],"wp:term":[{"taxonomy":"product_brand","embeddable":true,"href":"https:\/\/wg-siebketten.de\/de\/wp-json\/wp\/v2\/product_brand?post=32968"},{"taxonomy":"product_cat","embeddable":true,"href":"https:\/\/wg-siebketten.de\/de\/wp-json\/wp\/v2\/product_cat?post=32968"},{"taxonomy":"product_tag","embeddable":true,"href":"https:\/\/wg-siebketten.de\/de\/wp-json\/wp\/v2\/product_tag?post=32968"}],"curies":[{"name":"wp","href":"https:\/\/api.w.org\/{rel}","templated":true}]}}