{"id":32644,"date":"2025-07-29T12:41:37","date_gmt":"2025-07-29T12:41:37","guid":{"rendered":"https:\/\/wg-siebketten.de\/produkt\/typ-wm-doppelnocken-dn\/"},"modified":"2025-07-29T12:42:08","modified_gmt":"2025-07-29T12:42:08","slug":"typ-wm-doppelnocken-dn","status":"publish","type":"product","link":"https:\/\/wg-siebketten.de\/de\/produkt\/typ-wm-doppelnocken-dn\/","title":{"rendered":"Typ WM, Doppelnocken (DN)"},"content":{"rendered":"<p>Teilungsunabh\u00e4ngiger Riemen<br \/>\n3 Gewebeeinlagen, Zahnh\u00f6he1 (ZH1): 8 mm, Zahnh\u00f6he2 (ZH2): 8 mm<\/p>\n","protected":false},"excerpt":{"rendered":"<p>Teilungsunabh\u00e4ngiger Riemen 3 Gewebeeinlagen, Zahnh\u00f6he1 (ZH1): 8 mm, Zahnh\u00f6he2 (ZH2): 8 mm<\/p>\n","protected":false},"featured_media":32583,"template":"","meta":{"_acf_changed":false,"inline_featured_image":false},"product_brand":[],"product_cat":[92],"product_tag":[],"class_list":{"0":"post-32644","1":"product","2":"type-product","3":"status-publish","4":"has-post-thumbnail","6":"product_cat-riemen","7":"pa_lochabstand-mm-2539","8":"pa_riemenbreite-mm-2538","9":"pa_teilung-mm-2592","10":"pa_teilung-mm-2593","11":"pa_teilung-mm-2594","12":"pa_teilung-mm-2596","13":"pa_teilung-mm-2597","15":"first","16":"instock","17":"purchasable","18":"product-type-variable"},"acf":[],"_links":{"self":[{"href":"https:\/\/wg-siebketten.de\/de\/wp-json\/wp\/v2\/product\/32644","targetHints":{"allow":["GET"]}}],"collection":[{"href":"https:\/\/wg-siebketten.de\/de\/wp-json\/wp\/v2\/product"}],"about":[{"href":"https:\/\/wg-siebketten.de\/de\/wp-json\/wp\/v2\/types\/product"}],"wp:featuredmedia":[{"embeddable":true,"href":"https:\/\/wg-siebketten.de\/de\/wp-json\/wp\/v2\/media\/32583"}],"wp:attachment":[{"href":"https:\/\/wg-siebketten.de\/de\/wp-json\/wp\/v2\/media?parent=32644"}],"wp:term":[{"taxonomy":"product_brand","embeddable":true,"href":"https:\/\/wg-siebketten.de\/de\/wp-json\/wp\/v2\/product_brand?post=32644"},{"taxonomy":"product_cat","embeddable":true,"href":"https:\/\/wg-siebketten.de\/de\/wp-json\/wp\/v2\/product_cat?post=32644"},{"taxonomy":"product_tag","embeddable":true,"href":"https:\/\/wg-siebketten.de\/de\/wp-json\/wp\/v2\/product_tag?post=32644"}],"curies":[{"name":"wp","href":"https:\/\/api.w.org\/{rel}","templated":true}]}}