{"id":32464,"date":"2025-07-17T09:34:50","date_gmt":"2025-07-17T09:34:50","guid":{"rendered":"https:\/\/development.wg-siebketten.de\/produkt\/typ-rt-56\/"},"modified":"2026-04-15T07:44:45","modified_gmt":"2026-04-15T07:44:45","slug":"typ-rt-56","status":"publish","type":"product","link":"https:\/\/wg-siebketten.de\/de\/produkt\/typ-rt-56\/","title":{"rendered":"Typ RT 56"},"content":{"rendered":"<p>R\u00e4der, die in den Stab eingreifen: Antrieb \u00fcber St\u00e4be<\/p>\n<p>geschlossene Riemenauflage<\/p>\n<p>f\u00fcr Teilung (Abstand Stabmitte zu Stabmitte) 28 bzw. 56mm<\/p>\n","protected":false},"excerpt":{"rendered":"<p>R\u00e4der, die in den Stab eingreifen: Antrieb \u00fcber St\u00e4be geschlossene Riemenauflage f\u00fcr Teilung (Abstand Stabmitte zu Stabmitte) 28 bzw. 56mm<\/p>\n","protected":false},"featured_media":34755,"template":"","meta":{"_acf_changed":false,"inline_featured_image":false},"product_brand":[],"product_cat":[110],"product_tag":[],"class_list":{"0":"post-32464","1":"product","2":"type-product","3":"status-publish","4":"has-post-thumbnail","6":"product_cat-antriebsraeder","7":"pa_aussen-mm-2444","8":"pa_bohrung-mm-2408","9":"pa_bohrung-mm-2409","10":"pa_bohrung-mm-2418","11":"pa_bohrung-mm-2419","12":"pa_bohrung-mm-2420","13":"pa_bohrung-mm-2421","14":"pa_bohrung-mm-unbearbeitet-ohne","15":"pa_innen-mm-2503","16":"pa_keilnut-mit","17":"pa_keilnut-ohne","18":"pa_zahnanzahl-10-en","20":"first","21":"instock","22":"taxable","23":"shipping-taxable","24":"purchasable","25":"product-type-variable"},"acf":[],"_links":{"self":[{"href":"https:\/\/wg-siebketten.de\/de\/wp-json\/wp\/v2\/product\/32464","targetHints":{"allow":["GET"]}}],"collection":[{"href":"https:\/\/wg-siebketten.de\/de\/wp-json\/wp\/v2\/product"}],"about":[{"href":"https:\/\/wg-siebketten.de\/de\/wp-json\/wp\/v2\/types\/product"}],"wp:featuredmedia":[{"embeddable":true,"href":"https:\/\/wg-siebketten.de\/de\/wp-json\/wp\/v2\/media\/34755"}],"wp:attachment":[{"href":"https:\/\/wg-siebketten.de\/de\/wp-json\/wp\/v2\/media?parent=32464"}],"wp:term":[{"taxonomy":"product_brand","embeddable":true,"href":"https:\/\/wg-siebketten.de\/de\/wp-json\/wp\/v2\/product_brand?post=32464"},{"taxonomy":"product_cat","embeddable":true,"href":"https:\/\/wg-siebketten.de\/de\/wp-json\/wp\/v2\/product_cat?post=32464"},{"taxonomy":"product_tag","embeddable":true,"href":"https:\/\/wg-siebketten.de\/de\/wp-json\/wp\/v2\/product_tag?post=32464"}],"curies":[{"name":"wp","href":"https:\/\/api.w.org\/{rel}","templated":true}]}}