{"id":32444,"date":"2025-07-29T12:59:43","date_gmt":"2025-07-29T12:59:43","guid":{"rendered":"https:\/\/wg-siebketten.de\/produkt\/typ-rt-45\/"},"modified":"2025-07-29T13:00:09","modified_gmt":"2025-07-29T13:00:09","slug":"typ-rt-45","status":"publish","type":"product","link":"https:\/\/wg-siebketten.de\/de\/produkt\/typ-rt-45\/","title":{"rendered":"Typ RT 45"},"content":{"rendered":"<p>R\u00e4der, die in den Stab eingreifen: Antrieb \u00fcber St\u00e4be<\/p>\n","protected":false},"excerpt":{"rendered":"<p>R\u00e4der, die in den Stab eingreifen: Antrieb \u00fcber St\u00e4be<\/p>\n","protected":false},"featured_media":31211,"template":"","meta":{"_acf_changed":false,"inline_featured_image":false},"product_brand":[],"product_cat":[110],"product_tag":[],"class_list":{"0":"post-32444","1":"product","2":"type-product","3":"status-publish","4":"has-post-thumbnail","6":"product_cat-antriebsraeder","7":"pa_aussen-mm-2499","8":"pa_bohrung-mm-2408","9":"pa_bohrung-mm-2409","10":"pa_bohrung-mm-2418","11":"pa_bohrung-mm-2419","12":"pa_bohrung-mm-2420","13":"pa_bohrung-mm-2421","14":"pa_innen-mm-2498","15":"pa_keilnut-im-notizfeld-eintragen-ob-mit-oder-ohne","16":"pa_zahnanzahl-14-en","18":"first","19":"instock","20":"purchasable","21":"product-type-variable"},"acf":[],"_links":{"self":[{"href":"https:\/\/wg-siebketten.de\/de\/wp-json\/wp\/v2\/product\/32444","targetHints":{"allow":["GET"]}}],"collection":[{"href":"https:\/\/wg-siebketten.de\/de\/wp-json\/wp\/v2\/product"}],"about":[{"href":"https:\/\/wg-siebketten.de\/de\/wp-json\/wp\/v2\/types\/product"}],"wp:featuredmedia":[{"embeddable":true,"href":"https:\/\/wg-siebketten.de\/de\/wp-json\/wp\/v2\/media\/31211"}],"wp:attachment":[{"href":"https:\/\/wg-siebketten.de\/de\/wp-json\/wp\/v2\/media?parent=32444"}],"wp:term":[{"taxonomy":"product_brand","embeddable":true,"href":"https:\/\/wg-siebketten.de\/de\/wp-json\/wp\/v2\/product_brand?post=32444"},{"taxonomy":"product_cat","embeddable":true,"href":"https:\/\/wg-siebketten.de\/de\/wp-json\/wp\/v2\/product_cat?post=32444"},{"taxonomy":"product_tag","embeddable":true,"href":"https:\/\/wg-siebketten.de\/de\/wp-json\/wp\/v2\/product_tag?post=32444"}],"curies":[{"name":"wp","href":"https:\/\/api.w.org\/{rel}","templated":true}]}}