{"id":32432,"date":"2025-07-29T12:59:43","date_gmt":"2025-07-29T12:59:43","guid":{"rendered":"https:\/\/wg-siebketten.de\/produkt\/typ-rt-33\/"},"modified":"2025-07-29T13:00:02","modified_gmt":"2025-07-29T13:00:02","slug":"typ-rt-33","status":"publish","type":"product","link":"https:\/\/wg-siebketten.de\/de\/produkt\/typ-rt-33\/","title":{"rendered":"Typ RT 33"},"content":{"rendered":"<p>R\u00e4der, die in den Stab eingreifen: Antrieb \u00fcber St\u00e4be<\/p>\n","protected":false},"excerpt":{"rendered":"<p>R\u00e4der, die in den Stab eingreifen: Antrieb \u00fcber St\u00e4be<\/p>\n","protected":false},"featured_media":31211,"template":"","meta":{"_acf_changed":false,"inline_featured_image":false},"product_brand":[],"product_cat":[110],"product_tag":[],"class_list":{"0":"post-32432","1":"product","2":"type-product","3":"status-publish","4":"has-post-thumbnail","6":"product_cat-antriebsraeder","7":"pa_aussen-mm-2495","8":"pa_bohrung-mm-2406","9":"pa_bohrung-mm-2407","10":"pa_bohrung-mm-2408","11":"pa_bohrung-mm-2409","12":"pa_innen-mm-2433","13":"pa_keilnut-im-notizfeld-eintragen-ob-mit-oder-ohne","14":"pa_zahnanzahl-12-en","16":"first","17":"instock","18":"purchasable","19":"product-type-variable"},"acf":[],"_links":{"self":[{"href":"https:\/\/wg-siebketten.de\/de\/wp-json\/wp\/v2\/product\/32432","targetHints":{"allow":["GET"]}}],"collection":[{"href":"https:\/\/wg-siebketten.de\/de\/wp-json\/wp\/v2\/product"}],"about":[{"href":"https:\/\/wg-siebketten.de\/de\/wp-json\/wp\/v2\/types\/product"}],"wp:featuredmedia":[{"embeddable":true,"href":"https:\/\/wg-siebketten.de\/de\/wp-json\/wp\/v2\/media\/31211"}],"wp:attachment":[{"href":"https:\/\/wg-siebketten.de\/de\/wp-json\/wp\/v2\/media?parent=32432"}],"wp:term":[{"taxonomy":"product_brand","embeddable":true,"href":"https:\/\/wg-siebketten.de\/de\/wp-json\/wp\/v2\/product_brand?post=32432"},{"taxonomy":"product_cat","embeddable":true,"href":"https:\/\/wg-siebketten.de\/de\/wp-json\/wp\/v2\/product_cat?post=32432"},{"taxonomy":"product_tag","embeddable":true,"href":"https:\/\/wg-siebketten.de\/de\/wp-json\/wp\/v2\/product_tag?post=32432"}],"curies":[{"name":"wp","href":"https:\/\/api.w.org\/{rel}","templated":true}]}}