{"id":32387,"date":"2025-07-17T09:33:35","date_gmt":"2025-07-17T09:33:35","guid":{"rendered":"https:\/\/development.wg-siebketten.de\/produkt\/typ-nc-40\/"},"modified":"2026-04-15T07:47:14","modified_gmt":"2026-04-15T07:47:14","slug":"typ-nc-40","status":"publish","type":"product","link":"https:\/\/wg-siebketten.de\/de\/produkt\/typ-nc-40\/","title":{"rendered":"Typ NC 40"},"content":{"rendered":"<p>R\u00e4der, die in den Stab und in den Riemen eingreifen<\/p>\n<p>Antrieb \u00fcber Riemen + Stab<\/p>\n<p>f\u00fcr Teilung (Abstand Stabmitte zu Stabmitte) 40mm<\/p>\n","protected":false},"excerpt":{"rendered":"<p>R\u00e4der, die in den Stab und in den Riemen eingreifen Antrieb \u00fcber Riemen + Stab f\u00fcr Teilung (Abstand Stabmitte zu Stabmitte) 40mm<\/p>\n","protected":false},"featured_media":34741,"template":"","meta":{"_acf_changed":false,"inline_featured_image":false},"product_brand":[],"product_cat":[110],"product_tag":[],"class_list":{"0":"post-32387","1":"product","2":"type-product","3":"status-publish","4":"has-post-thumbnail","6":"product_cat-antriebsraeder","7":"pa_aussen-mm-2488","8":"pa_bohrung-mm-2408","9":"pa_bohrung-mm-2409","10":"pa_bohrung-mm-2418","11":"pa_bohrung-mm-2419","12":"pa_bohrung-mm-2420","13":"pa_bohrung-mm-2421","14":"pa_bohrung-mm-unbearbeitet-ohne","15":"pa_innen-mm-2483","16":"pa_keilnut-mit","17":"pa_keilnut-ohne","18":"pa_zahnanzahl-18-en","19":"pa_zahnanzahl-9-en","21":"first","22":"instock","23":"taxable","24":"shipping-taxable","25":"purchasable","26":"product-type-variable"},"acf":[],"_links":{"self":[{"href":"https:\/\/wg-siebketten.de\/de\/wp-json\/wp\/v2\/product\/32387","targetHints":{"allow":["GET"]}}],"collection":[{"href":"https:\/\/wg-siebketten.de\/de\/wp-json\/wp\/v2\/product"}],"about":[{"href":"https:\/\/wg-siebketten.de\/de\/wp-json\/wp\/v2\/types\/product"}],"wp:featuredmedia":[{"embeddable":true,"href":"https:\/\/wg-siebketten.de\/de\/wp-json\/wp\/v2\/media\/34741"}],"wp:attachment":[{"href":"https:\/\/wg-siebketten.de\/de\/wp-json\/wp\/v2\/media?parent=32387"}],"wp:term":[{"taxonomy":"product_brand","embeddable":true,"href":"https:\/\/wg-siebketten.de\/de\/wp-json\/wp\/v2\/product_brand?post=32387"},{"taxonomy":"product_cat","embeddable":true,"href":"https:\/\/wg-siebketten.de\/de\/wp-json\/wp\/v2\/product_cat?post=32387"},{"taxonomy":"product_tag","embeddable":true,"href":"https:\/\/wg-siebketten.de\/de\/wp-json\/wp\/v2\/product_tag?post=32387"}],"curies":[{"name":"wp","href":"https:\/\/api.w.org\/{rel}","templated":true}]}}