{"id":32292,"date":"2025-07-29T12:56:54","date_gmt":"2025-07-29T12:56:54","guid":{"rendered":"https:\/\/wg-siebketten.de\/produkt\/typ-gw\/"},"modified":"2025-07-29T12:57:15","modified_gmt":"2025-07-29T12:57:15","slug":"typ-gw","status":"publish","type":"product","link":"https:\/\/wg-siebketten.de\/de\/produkt\/typ-gw\/","title":{"rendered":"Typ GW"},"content":{"rendered":"<p>R\u00e4der, die in den Stab eingreifen: Antrieb \u00fcber St\u00e4be<\/p>\n","protected":false},"excerpt":{"rendered":"<p>R\u00e4der, die in den Stab eingreifen: Antrieb \u00fcber St\u00e4be<\/p>\n","protected":false},"featured_media":31201,"template":"","meta":{"_acf_changed":false,"inline_featured_image":false},"product_brand":[],"product_cat":[110],"product_tag":[],"class_list":{"0":"post-32292","1":"product","2":"type-product","3":"status-publish","4":"has-post-thumbnail","6":"product_cat-antriebsraeder","7":"pa_breite-mm-2452","8":"pa_breite-mm-2450","9":"pa_durchmesser-mm-2454","10":"pa_durchmesser-mm-2449","11":"pa_durchmesser-mm-2457","12":"pa_durchmesser-mm-2455","13":"pa_durchmesser-mm-2453","14":"pa_durchmesser-mm-2451","15":"pa_durchmesser-mm-2456","16":"pa_naben-siehe-produkt-naben-fuer-typ-gw","17":"pa_teilung-32-en","18":"pa_teilung-35-en","19":"pa_teilung-36-en","20":"pa_teilung-40-en","21":"pa_teilung-45-en","22":"pa_teilung-50-en","23":"pa_zahnanzahl-10-en","24":"pa_zahnanzahl-13-en","25":"pa_zahnanzahl-14-en","26":"pa_zahnanzahl-15-en","27":"pa_zahnanzahl-16-en","28":"pa_zahnanzahl-17-en","29":"pa_zahnanzahl-18-en","30":"pa_zahnanzahl-20-en","31":"pa_zahnanzahl-22-en","33":"first","34":"instock","35":"purchasable","36":"product-type-variable"},"acf":[],"_links":{"self":[{"href":"https:\/\/wg-siebketten.de\/de\/wp-json\/wp\/v2\/product\/32292","targetHints":{"allow":["GET"]}}],"collection":[{"href":"https:\/\/wg-siebketten.de\/de\/wp-json\/wp\/v2\/product"}],"about":[{"href":"https:\/\/wg-siebketten.de\/de\/wp-json\/wp\/v2\/types\/product"}],"wp:featuredmedia":[{"embeddable":true,"href":"https:\/\/wg-siebketten.de\/de\/wp-json\/wp\/v2\/media\/31201"}],"wp:attachment":[{"href":"https:\/\/wg-siebketten.de\/de\/wp-json\/wp\/v2\/media?parent=32292"}],"wp:term":[{"taxonomy":"product_brand","embeddable":true,"href":"https:\/\/wg-siebketten.de\/de\/wp-json\/wp\/v2\/product_brand?post=32292"},{"taxonomy":"product_cat","embeddable":true,"href":"https:\/\/wg-siebketten.de\/de\/wp-json\/wp\/v2\/product_cat?post=32292"},{"taxonomy":"product_tag","embeddable":true,"href":"https:\/\/wg-siebketten.de\/de\/wp-json\/wp\/v2\/product_tag?post=32292"}],"curies":[{"name":"wp","href":"https:\/\/api.w.org\/{rel}","templated":true}]}}