{"id":32277,"date":"2025-07-29T12:56:30","date_gmt":"2025-07-29T12:56:30","guid":{"rendered":"https:\/\/wg-siebketten.de\/produkt\/typ-hs-50\/"},"modified":"2025-07-29T12:57:15","modified_gmt":"2025-07-29T12:57:15","slug":"typ-hs-50","status":"publish","type":"product","link":"https:\/\/wg-siebketten.de\/de\/produkt\/typ-hs-50\/","title":{"rendered":"Typ HS 50"},"content":{"rendered":"<p>R\u00e4der, die in den Stab eingreifen: Antrieb \u00fcber St\u00e4be<\/p>\n","protected":false},"excerpt":{"rendered":"<p>R\u00e4der, die in den Stab eingreifen: Antrieb \u00fcber St\u00e4be<\/p>\n","protected":false},"featured_media":31199,"template":"","meta":{"_acf_changed":false,"inline_featured_image":false},"product_brand":[],"product_cat":[110],"product_tag":[],"class_list":{"0":"post-32277","1":"product","2":"type-product","3":"status-publish","4":"has-post-thumbnail","6":"product_cat-antriebsraeder","7":"pa_aussen-mm-2446","8":"pa_aussen-mm-2448","9":"pa_aussen-mm-2413","10":"pa_bohrung-mm-2406","11":"pa_bohrung-mm-2407","12":"pa_bohrung-mm-2408","13":"pa_bohrung-mm-2409","14":"pa_bohrung-mm-2418","15":"pa_bohrung-mm-2419","16":"pa_bohrung-mm-2420","17":"pa_bohrung-mm-2421","18":"pa_innen-mm-2445","19":"pa_innen-mm-2447","20":"pa_innen-mm-2438","21":"pa_keilnut-im-notizfeld-eintragen-ob-mit-oder-ohne","22":"pa_zahnanzahl-10-en","23":"pa_zahnanzahl-12-en","24":"pa_zahnanzahl-8-en","26":"first","27":"instock","28":"purchasable","29":"product-type-variable"},"acf":[],"_links":{"self":[{"href":"https:\/\/wg-siebketten.de\/de\/wp-json\/wp\/v2\/product\/32277","targetHints":{"allow":["GET"]}}],"collection":[{"href":"https:\/\/wg-siebketten.de\/de\/wp-json\/wp\/v2\/product"}],"about":[{"href":"https:\/\/wg-siebketten.de\/de\/wp-json\/wp\/v2\/types\/product"}],"wp:featuredmedia":[{"embeddable":true,"href":"https:\/\/wg-siebketten.de\/de\/wp-json\/wp\/v2\/media\/31199"}],"wp:attachment":[{"href":"https:\/\/wg-siebketten.de\/de\/wp-json\/wp\/v2\/media?parent=32277"}],"wp:term":[{"taxonomy":"product_brand","embeddable":true,"href":"https:\/\/wg-siebketten.de\/de\/wp-json\/wp\/v2\/product_brand?post=32277"},{"taxonomy":"product_cat","embeddable":true,"href":"https:\/\/wg-siebketten.de\/de\/wp-json\/wp\/v2\/product_cat?post=32277"},{"taxonomy":"product_tag","embeddable":true,"href":"https:\/\/wg-siebketten.de\/de\/wp-json\/wp\/v2\/product_tag?post=32277"}],"curies":[{"name":"wp","href":"https:\/\/api.w.org\/{rel}","templated":true}]}}