{"id":32227,"date":"2025-07-29T12:55:15","date_gmt":"2025-07-29T12:55:15","guid":{"rendered":"https:\/\/wg-siebketten.de\/produkt\/typ-hs-42\/"},"modified":"2025-07-29T12:56:23","modified_gmt":"2025-07-29T12:56:23","slug":"typ-hs-42","status":"publish","type":"product","link":"https:\/\/wg-siebketten.de\/de\/produkt\/typ-hs-42\/","title":{"rendered":"Typ HS 42"},"content":{"rendered":"<p>R\u00e4der, die in den Stab eingreifen: Antrieb \u00fcber St\u00e4be<\/p>\n","protected":false},"excerpt":{"rendered":"<p>R\u00e4der, die in den Stab eingreifen: Antrieb \u00fcber St\u00e4be<\/p>\n","protected":false},"featured_media":31199,"template":"","meta":{"_acf_changed":false,"inline_featured_image":false},"product_brand":[],"product_cat":[110],"product_tag":[],"class_list":{"0":"post-32227","1":"product","2":"type-product","3":"status-publish","4":"has-post-thumbnail","6":"product_cat-antriebsraeder","7":"pa_aussen-mm-2437","8":"pa_aussen-mm-2427","9":"pa_aussen-mm-2439","10":"pa_aussen-mm-2441","11":"pa_bohrung-mm-2406","12":"pa_bohrung-mm-2407","13":"pa_bohrung-mm-2408","14":"pa_bohrung-mm-2409","15":"pa_bohrung-mm-2418","16":"pa_bohrung-mm-2419","17":"pa_bohrung-mm-2420","18":"pa_bohrung-mm-2421","19":"pa_innen-mm-2436","20":"pa_innen-mm-2426","21":"pa_innen-mm-2438","22":"pa_innen-mm-2440","23":"pa_keilnut-im-notizfeld-eintragen-ob-mit-oder-ohne","24":"pa_zahnanzahl-10-en","25":"pa_zahnanzahl-12-en","26":"pa_zahnanzahl-14-en","27":"pa_zahnanzahl-16-en","29":"first","30":"instock","31":"purchasable","32":"product-type-variable"},"acf":[],"_links":{"self":[{"href":"https:\/\/wg-siebketten.de\/de\/wp-json\/wp\/v2\/product\/32227","targetHints":{"allow":["GET"]}}],"collection":[{"href":"https:\/\/wg-siebketten.de\/de\/wp-json\/wp\/v2\/product"}],"about":[{"href":"https:\/\/wg-siebketten.de\/de\/wp-json\/wp\/v2\/types\/product"}],"wp:featuredmedia":[{"embeddable":true,"href":"https:\/\/wg-siebketten.de\/de\/wp-json\/wp\/v2\/media\/31199"}],"wp:attachment":[{"href":"https:\/\/wg-siebketten.de\/de\/wp-json\/wp\/v2\/media?parent=32227"}],"wp:term":[{"taxonomy":"product_brand","embeddable":true,"href":"https:\/\/wg-siebketten.de\/de\/wp-json\/wp\/v2\/product_brand?post=32227"},{"taxonomy":"product_cat","embeddable":true,"href":"https:\/\/wg-siebketten.de\/de\/wp-json\/wp\/v2\/product_cat?post=32227"},{"taxonomy":"product_tag","embeddable":true,"href":"https:\/\/wg-siebketten.de\/de\/wp-json\/wp\/v2\/product_tag?post=32227"}],"curies":[{"name":"wp","href":"https:\/\/api.w.org\/{rel}","templated":true}]}}