{"id":32187,"date":"2025-07-29T12:54:22","date_gmt":"2025-07-29T12:54:22","guid":{"rendered":"https:\/\/wg-siebketten.de\/produkt\/typ-hs-36-14\/"},"modified":"2025-07-29T12:55:09","modified_gmt":"2025-07-29T12:55:09","slug":"typ-hs-36-14","status":"publish","type":"product","link":"https:\/\/wg-siebketten.de\/de\/produkt\/typ-hs-36-14\/","title":{"rendered":"Typ HS 36-14"},"content":{"rendered":"<p>R\u00e4der, die in den Stab eingreifen: Antrieb \u00fcber St\u00e4be<\/p>\n","protected":false},"excerpt":{"rendered":"<p>R\u00e4der, die in den Stab eingreifen: Antrieb \u00fcber St\u00e4be<\/p>\n","protected":false},"featured_media":31199,"template":"","meta":{"_acf_changed":false,"inline_featured_image":false},"product_brand":[],"product_cat":[110],"product_tag":[],"class_list":{"0":"post-32187","1":"product","2":"type-product","3":"status-publish","4":"has-post-thumbnail","6":"product_cat-antriebsraeder","7":"pa_aussen-mm-2427","8":"pa_bohrung-mm-2406","9":"pa_bohrung-mm-2407","10":"pa_bohrung-mm-2408","11":"pa_bohrung-mm-2409","12":"pa_bohrung-mm-2418","13":"pa_bohrung-mm-2419","14":"pa_bohrung-mm-2420","15":"pa_bohrung-mm-2421","16":"pa_innen-mm-2426","17":"pa_keilnut-im-notizfeld-eintragen-ob-mit-oder-ohne","18":"pa_zahnanzahl-14-en","20":"first","21":"instock","22":"purchasable","23":"product-type-variable"},"acf":[],"_links":{"self":[{"href":"https:\/\/wg-siebketten.de\/de\/wp-json\/wp\/v2\/product\/32187","targetHints":{"allow":["GET"]}}],"collection":[{"href":"https:\/\/wg-siebketten.de\/de\/wp-json\/wp\/v2\/product"}],"about":[{"href":"https:\/\/wg-siebketten.de\/de\/wp-json\/wp\/v2\/types\/product"}],"wp:featuredmedia":[{"embeddable":true,"href":"https:\/\/wg-siebketten.de\/de\/wp-json\/wp\/v2\/media\/31199"}],"wp:attachment":[{"href":"https:\/\/wg-siebketten.de\/de\/wp-json\/wp\/v2\/media?parent=32187"}],"wp:term":[{"taxonomy":"product_brand","embeddable":true,"href":"https:\/\/wg-siebketten.de\/de\/wp-json\/wp\/v2\/product_brand?post=32187"},{"taxonomy":"product_cat","embeddable":true,"href":"https:\/\/wg-siebketten.de\/de\/wp-json\/wp\/v2\/product_cat?post=32187"},{"taxonomy":"product_tag","embeddable":true,"href":"https:\/\/wg-siebketten.de\/de\/wp-json\/wp\/v2\/product_tag?post=32187"}],"curies":[{"name":"wp","href":"https:\/\/api.w.org\/{rel}","templated":true}]}}