{"id":32151,"date":"2025-07-29T12:53:57","date_gmt":"2025-07-29T12:53:57","guid":{"rendered":"https:\/\/wg-siebketten.de\/produkt\/typ-hs-28\/"},"modified":"2025-07-29T12:54:14","modified_gmt":"2025-07-29T12:54:14","slug":"typ-hs-28","status":"publish","type":"product","link":"https:\/\/wg-siebketten.de\/de\/produkt\/typ-hs-28\/","title":{"rendered":"Typ HS 28"},"content":{"rendered":"<p>R\u00e4der, die in den Stab eingreifen: Antrieb \u00fcber St\u00e4be<\/p>\n","protected":false},"excerpt":{"rendered":"<p>R\u00e4der, die in den Stab eingreifen: Antrieb \u00fcber St\u00e4be<\/p>\n","protected":false},"featured_media":31199,"template":"","meta":{"_acf_changed":false,"inline_featured_image":false},"product_brand":[],"product_cat":[110],"product_tag":[],"class_list":{"0":"post-32151","1":"product","2":"type-product","3":"status-publish","4":"has-post-thumbnail","6":"product_cat-antriebsraeder","7":"pa_aussen-mm-2405","8":"pa_aussen-mm-2411","9":"pa_aussen-mm-2413","10":"pa_bohrung-mm-2406","11":"pa_bohrung-mm-2407","12":"pa_bohrung-mm-2408","13":"pa_bohrung-mm-2409","14":"pa_innen-mm-2404","15":"pa_innen-mm-2410","16":"pa_innen-mm-2412","17":"pa_keilnut-im-notizfeld-eintragen-ob-mit-oder-ohne","18":"pa_zahnanzahl-14-en","19":"pa_zahnanzahl-16-en","20":"pa_zahnanzahl-22-en","22":"first","23":"instock","24":"purchasable","25":"product-type-variable"},"acf":[],"_links":{"self":[{"href":"https:\/\/wg-siebketten.de\/de\/wp-json\/wp\/v2\/product\/32151","targetHints":{"allow":["GET"]}}],"collection":[{"href":"https:\/\/wg-siebketten.de\/de\/wp-json\/wp\/v2\/product"}],"about":[{"href":"https:\/\/wg-siebketten.de\/de\/wp-json\/wp\/v2\/types\/product"}],"wp:featuredmedia":[{"embeddable":true,"href":"https:\/\/wg-siebketten.de\/de\/wp-json\/wp\/v2\/media\/31199"}],"wp:attachment":[{"href":"https:\/\/wg-siebketten.de\/de\/wp-json\/wp\/v2\/media?parent=32151"}],"wp:term":[{"taxonomy":"product_brand","embeddable":true,"href":"https:\/\/wg-siebketten.de\/de\/wp-json\/wp\/v2\/product_brand?post=32151"},{"taxonomy":"product_cat","embeddable":true,"href":"https:\/\/wg-siebketten.de\/de\/wp-json\/wp\/v2\/product_cat?post=32151"},{"taxonomy":"product_tag","embeddable":true,"href":"https:\/\/wg-siebketten.de\/de\/wp-json\/wp\/v2\/product_tag?post=32151"}],"curies":[{"name":"wp","href":"https:\/\/api.w.org\/{rel}","templated":true}]}}