{"id":29849,"date":"2025-07-14T11:00:02","date_gmt":"2025-07-14T11:00:02","guid":{"rendered":"https:\/\/wg-siebketten.de\/produkt\/4-lips-fuer-grobkrautbaender\/"},"modified":"2025-07-14T11:00:14","modified_gmt":"2025-07-14T11:00:14","slug":"4-lips-fuer-grobkrautbaender","status":"publish","type":"product","link":"https:\/\/wg-siebketten.de\/de\/produkt\/4-lips-fuer-grobkrautbaender\/","title":{"rendered":"4 lips f\u00fcr Grobkrautb\u00e4nder"},"content":{"rendered":"<p>F\u00fcr Grobkrautb\u00e4nder Typ Grimme<br \/>\nBreite 1636mm<\/p>\n","protected":false},"excerpt":{"rendered":"<p>F\u00fcr Grobkrautb\u00e4nder Typ Grimme Breite 1636mm<\/p>\n","protected":false},"featured_media":31098,"template":"","meta":{"_acf_changed":false,"inline_featured_image":false},"product_brand":[],"product_cat":[103],"product_tag":[],"class_list":{"0":"post-29849","1":"product","2":"type-product","3":"status-publish","4":"has-post-thumbnail","6":"product_cat-mittelriemenbefestigung","7":"pa_fuer-riemenbreite-60-en","8":"pa_lochabstand-32-en","10":"first","11":"instock","12":"purchasable","13":"product-type-simple"},"acf":[],"_links":{"self":[{"href":"https:\/\/wg-siebketten.de\/de\/wp-json\/wp\/v2\/product\/29849","targetHints":{"allow":["GET"]}}],"collection":[{"href":"https:\/\/wg-siebketten.de\/de\/wp-json\/wp\/v2\/product"}],"about":[{"href":"https:\/\/wg-siebketten.de\/de\/wp-json\/wp\/v2\/types\/product"}],"wp:featuredmedia":[{"embeddable":true,"href":"https:\/\/wg-siebketten.de\/de\/wp-json\/wp\/v2\/media\/31098"}],"wp:attachment":[{"href":"https:\/\/wg-siebketten.de\/de\/wp-json\/wp\/v2\/media?parent=29849"}],"wp:term":[{"taxonomy":"product_brand","embeddable":true,"href":"https:\/\/wg-siebketten.de\/de\/wp-json\/wp\/v2\/product_brand?post=29849"},{"taxonomy":"product_cat","embeddable":true,"href":"https:\/\/wg-siebketten.de\/de\/wp-json\/wp\/v2\/product_cat?post=29849"},{"taxonomy":"product_tag","embeddable":true,"href":"https:\/\/wg-siebketten.de\/de\/wp-json\/wp\/v2\/product_tag?post=29849"}],"curies":[{"name":"wp","href":"https:\/\/api.w.org\/{rel}","templated":true}]}}