{"id":29826,"date":"2025-07-17T10:59:24","date_gmt":"2025-07-17T10:59:24","guid":{"rendered":"https:\/\/wg-siebketten.de\/produkt\/mittelriemen\/"},"modified":"2025-07-17T10:59:46","modified_gmt":"2025-07-17T10:59:46","slug":"mittelriemen","status":"publish","type":"product","link":"https:\/\/wg-siebketten.de\/de\/produkt\/mittelriemen\/","title":{"rendered":"Mittelriemen"},"content":{"rendered":"<p>Gelocht ab Lager: f\u00fcr Typ Grimme und WM\/W\u00fchlmaus\/Niew\u00f6hner kann angefertigt werden. Angaben von L\u00e4nge, Lochabst\u00e4nden, Riemenbreite und -typ erforderlich.<\/p>\n","protected":false},"excerpt":{"rendered":"<p>Gelocht ab Lager: f\u00fcr Typ Grimme und WM\/W\u00fchlmaus\/Niew\u00f6hner kann angefertigt werden. Angaben von L\u00e4nge, Lochabst\u00e4nden, Riemenbreite und -typ erforderlich.<\/p>\n","protected":false},"featured_media":31429,"template":"","meta":{"_acf_changed":false,"inline_featured_image":false},"product_brand":[],"product_cat":[285],"product_tag":[],"class_list":{"0":"post-29826","1":"product","2":"type-product","3":"status-publish","4":"has-post-thumbnail","6":"product_cat-krautbandstab-grobkrautbandstab","8":"first","9":"instock","10":"purchasable","11":"product-type-simple"},"acf":[],"_links":{"self":[{"href":"https:\/\/wg-siebketten.de\/de\/wp-json\/wp\/v2\/product\/29826","targetHints":{"allow":["GET"]}}],"collection":[{"href":"https:\/\/wg-siebketten.de\/de\/wp-json\/wp\/v2\/product"}],"about":[{"href":"https:\/\/wg-siebketten.de\/de\/wp-json\/wp\/v2\/types\/product"}],"wp:featuredmedia":[{"embeddable":true,"href":"https:\/\/wg-siebketten.de\/de\/wp-json\/wp\/v2\/media\/31429"}],"wp:attachment":[{"href":"https:\/\/wg-siebketten.de\/de\/wp-json\/wp\/v2\/media?parent=29826"}],"wp:term":[{"taxonomy":"product_brand","embeddable":true,"href":"https:\/\/wg-siebketten.de\/de\/wp-json\/wp\/v2\/product_brand?post=29826"},{"taxonomy":"product_cat","embeddable":true,"href":"https:\/\/wg-siebketten.de\/de\/wp-json\/wp\/v2\/product_cat?post=29826"},{"taxonomy":"product_tag","embeddable":true,"href":"https:\/\/wg-siebketten.de\/de\/wp-json\/wp\/v2\/product_tag?post=29826"}],"curies":[{"name":"wp","href":"https:\/\/api.w.org\/{rel}","templated":true}]}}