{"id":29764,"date":"2025-07-14T14:11:46","date_gmt":"2025-07-14T14:11:46","guid":{"rendered":"https:\/\/wg-siebketten.de\/produkt\/wm-wuehlmaus-baender-beispiele\/"},"modified":"2025-07-14T14:11:52","modified_gmt":"2025-07-14T14:11:52","slug":"wm-wuehlmaus-baender-beispiele","status":"publish","type":"product","link":"https:\/\/wg-siebketten.de\/de\/produkt\/wm-wuehlmaus-baender-beispiele\/","title":{"rendered":"WM \/ W\u00fchlmaus B\u00e4nder Beispiele"},"content":{"rendered":"<p>Wir stellen alle g\u00e4ngigen B\u00e4nder vom Typ WM Kartoffel technik\/W\u00fchlmaus her.<br \/>\nAuf Anfrage sind weitere Bandtypen und Breiten verf\u00fcgbar.<br \/>\nWir stellen auch Ketten andere Rodertypen her, z.B. Samro, Hagedorn, Niew\u00f6hner, Fortschritt, Trumag, u.v.m.<\/p>\n<p>Abdeckb\u00e4nder: unterschiedlicher Breite 350, 660, 990, &#8230;.<br \/>\nBeimengenb\u00e4nder: unterschiedlicher Breite 180, 250, 300, 350, 400, 500, 700, &#8230;<br \/>\nKrautb\u00e4nder: unterschiedlicher Breite 600, 750, 850, 995, 1600, 1775, &#8230;<br \/>\nIgelb\u00e4nder H Profil: unterschiedlicher Breite 450, 610, 730, 800, 900, 1000, &#8230;<br \/>\nIgelb\u00e4nder V Profil: unterschiedlicher Breite 610, 700, 730, 800, 900, 1000, 1160, 1450, 1700, &#8230;<br \/>\nKlutenroste: unterschiedlicher Breite 650, 750, 1450, &#8230;<br \/>\nQuerb\u00e4nder: unterschiedlicher Breite 500, 550, 600, 650, 700, 1450, &#8230;<br \/>\nRodeketten: unterschiedlicher Breite 800, 1450, 1625, &#8230;<br \/>\nSiebb\u00e4nder: unterschiedlicher Breite 250, 300, 350, 400, 450, 500, 600, 650, 700, 750, 800, 900, 1000, 1160, 1250, 1450, 1625, 1700, &#8230;<br \/>\nVerleseb\u00e4nder: unterschiedlicher Breite 480, 550, 600, 700, 750, 1000, &#8230;<br \/>\nZubringeb\u00e4nder: unterschiedlicher Breite 600, 700, 730, &#8230;<\/p>\n","protected":false},"excerpt":{"rendered":"<p>Wir stellen alle g\u00e4ngigen B\u00e4nder vom Typ WM Kartoffel technik\/W\u00fchlmaus her. Auf Anfrage sind weitere Bandtypen und Breiten verf\u00fcgbar. Wir stellen auch Ketten andere Rodertypen her, z.B. Samro, Hagedorn, Niew\u00f6hner, Fortschritt, Trumag, u.v.m. Abdeckb\u00e4nder: unterschiedlicher Breite 350, 660, 990, &#8230;. Beimengenb\u00e4nder: unterschiedlicher Breite 180, 250, 300, 350, 400, 500, 700, &#8230; Krautb\u00e4nder: unterschiedlicher Breite 600, [&hellip;]<\/p>\n","protected":false},"featured_media":31253,"template":"","meta":{"_acf_changed":false,"inline_featured_image":false},"product_brand":[],"product_cat":[95],"product_tag":[],"class_list":{"0":"post-29764","1":"product","2":"type-product","3":"status-publish","4":"has-post-thumbnail","6":"product_cat-baender","8":"first","9":"instock","10":"purchasable","11":"product-type-simple"},"acf":[],"_links":{"self":[{"href":"https:\/\/wg-siebketten.de\/de\/wp-json\/wp\/v2\/product\/29764","targetHints":{"allow":["GET"]}}],"collection":[{"href":"https:\/\/wg-siebketten.de\/de\/wp-json\/wp\/v2\/product"}],"about":[{"href":"https:\/\/wg-siebketten.de\/de\/wp-json\/wp\/v2\/types\/product"}],"wp:featuredmedia":[{"embeddable":true,"href":"https:\/\/wg-siebketten.de\/de\/wp-json\/wp\/v2\/media\/31253"}],"wp:attachment":[{"href":"https:\/\/wg-siebketten.de\/de\/wp-json\/wp\/v2\/media?parent=29764"}],"wp:term":[{"taxonomy":"product_brand","embeddable":true,"href":"https:\/\/wg-siebketten.de\/de\/wp-json\/wp\/v2\/product_brand?post=29764"},{"taxonomy":"product_cat","embeddable":true,"href":"https:\/\/wg-siebketten.de\/de\/wp-json\/wp\/v2\/product_cat?post=29764"},{"taxonomy":"product_tag","embeddable":true,"href":"https:\/\/wg-siebketten.de\/de\/wp-json\/wp\/v2\/product_tag?post=29764"}],"curies":[{"name":"wp","href":"https:\/\/api.w.org\/{rel}","templated":true}]}}