{"id":29763,"date":"2025-07-14T14:11:46","date_gmt":"2025-07-14T14:11:46","guid":{"rendered":"https:\/\/wg-siebketten.de\/produkt\/grimme-baender-beispiele\/"},"modified":"2025-07-14T14:11:47","modified_gmt":"2025-07-14T14:11:47","slug":"grimme-baender-beispiele","status":"publish","type":"product","link":"https:\/\/wg-siebketten.de\/de\/produkt\/grimme-baender-beispiele\/","title":{"rendered":"Grimme-B\u00e4nder Beispiele"},"content":{"rendered":"<p>Wir stellen alle g\u00e4ngigen B\u00e4nder vom Typ Grimme her, z.B.  200.xxxxx, 300.xxxxx<br \/>\nNicht im Programm haben wir Tuchb\u00e4nder (gelb), Fingerb\u00e4nder und 2. Siebketten in der Breite 1527 (90\u00b0).<\/p>\n<p>Abdeckb\u00e4nder: unterschiedlicher Breite 267, 320, 324, 423, 435, 680, &#8230;.<br \/>\nBeimengenb\u00e4nder: unterschiedlicher Breite 324, 370, 400, &#8230;<br \/>\nElevatorb\u00e4nder:  unterschiedlicher Breite 450, 595, 822, 930, &#8230;<br \/>\nGrobkrautb\u00e4nder: unterschiedlicher Breite 730, 830, 854, 1460, 1636, &#8230;<br \/>\nIgelb\u00e4nder H Profil: unterschiedlicher Breite 254, 650, 730, 1000, 1304, &#8230;<br \/>\nIgelb\u00e4nder V Profil: unterschiedlicher Breite 650, 730, 885, 1100, 1304, 1460, &#8230;<br \/>\nKlutenmatte: unterschiedlicher Breite 1636, &#8230;<br \/>\nQuerb\u00e4nder: unterschiedlicher Breite 450, 557, &#8230;<br \/>\nSiebb\u00e4nder: unterschiedlicher Breite 267, 320, 550, 630, 730, 755, 800, 885, 930, 1100, 1288, 1304, 1460, 1636, &#8230;<br \/>\nVerleseb\u00e4nder: unterschiedlicher Breite 400, 560, 750, 900, 1104, &#8230;<br \/>\nZubringeb\u00e4nder: unterschiedlicher Breite 523, 595, 1460, &#8230;<\/p>\n","protected":false},"excerpt":{"rendered":"<p>Wir stellen alle g\u00e4ngigen B\u00e4nder vom Typ Grimme her, z.B. 200.xxxxx, 300.xxxxx Nicht im Programm haben wir Tuchb\u00e4nder (gelb), Fingerb\u00e4nder und 2. Siebketten in der Breite 1527 (90\u00b0). Abdeckb\u00e4nder: unterschiedlicher Breite 267, 320, 324, 423, 435, 680, &#8230;. Beimengenb\u00e4nder: unterschiedlicher Breite 324, 370, 400, &#8230; Elevatorb\u00e4nder: unterschiedlicher Breite 450, 595, 822, 930, &#8230; Grobkrautb\u00e4nder: unterschiedlicher [&hellip;]<\/p>\n","protected":false},"featured_media":31253,"template":"","meta":{"_acf_changed":false,"inline_featured_image":false},"product_brand":[],"product_cat":[95],"product_tag":[],"class_list":{"0":"post-29763","1":"product","2":"type-product","3":"status-publish","4":"has-post-thumbnail","6":"product_cat-baender","8":"first","9":"instock","10":"purchasable","11":"product-type-simple"},"acf":[],"_links":{"self":[{"href":"https:\/\/wg-siebketten.de\/de\/wp-json\/wp\/v2\/product\/29763","targetHints":{"allow":["GET"]}}],"collection":[{"href":"https:\/\/wg-siebketten.de\/de\/wp-json\/wp\/v2\/product"}],"about":[{"href":"https:\/\/wg-siebketten.de\/de\/wp-json\/wp\/v2\/types\/product"}],"wp:featuredmedia":[{"embeddable":true,"href":"https:\/\/wg-siebketten.de\/de\/wp-json\/wp\/v2\/media\/31253"}],"wp:attachment":[{"href":"https:\/\/wg-siebketten.de\/de\/wp-json\/wp\/v2\/media?parent=29763"}],"wp:term":[{"taxonomy":"product_brand","embeddable":true,"href":"https:\/\/wg-siebketten.de\/de\/wp-json\/wp\/v2\/product_brand?post=29763"},{"taxonomy":"product_cat","embeddable":true,"href":"https:\/\/wg-siebketten.de\/de\/wp-json\/wp\/v2\/product_cat?post=29763"},{"taxonomy":"product_tag","embeddable":true,"href":"https:\/\/wg-siebketten.de\/de\/wp-json\/wp\/v2\/product_tag?post=29763"}],"curies":[{"name":"wp","href":"https:\/\/api.w.org\/{rel}","templated":true}]}}