{"id":34315,"date":"2025-09-22T12:19:24","date_gmt":"2025-09-22T12:19:24","guid":{"rendered":"https:\/\/wg-siebketten.de\/?page_id=34315"},"modified":"2025-09-22T12:29:43","modified_gmt":"2025-09-22T12:29:43","slug":"agritechnica-2025","status":"publish","type":"page","link":"https:\/\/wg-siebketten.de\/de\/agritechnica-2025\/","title":{"rendered":"Agritechnica 2025"},"content":{"rendered":"\t\t<div data-elementor-type=\"wp-page\" data-elementor-id=\"34315\" class=\"elementor elementor-34315\" data-elementor-post-type=\"page\">\n\t\t\t\t<div class=\"elementor-element elementor-element-9322b9c e-con-full e-flex e-con e-parent\" data-id=\"9322b9c\" data-element_type=\"container\" data-e-type=\"container\">\n\t\t\t\t<div class=\"elementor-element elementor-element-ac5a471 image-container elementor-widget elementor-widget-image\" data-id=\"ac5a471\" data-element_type=\"widget\" data-e-type=\"widget\" data-widget_type=\"image.default\">\n\t\t\t\t<div class=\"elementor-widget-container\">\n\t\t\t\t\t\t\t\t\t\t\t\t\t\t\t<img fetchpriority=\"high\" decoding=\"async\" width=\"1920\" height=\"1278\" src=\"https:\/\/wg-siebketten.de\/wp-content\/uploads\/Gruene-Felder-von-oben.jpg\" class=\"attachment-large size-large wp-image-19634\" alt=\"\" srcset=\"https:\/\/wg-siebketten.de\/wp-content\/uploads\/Gruene-Felder-von-oben.jpg 1920w, https:\/\/wg-siebketten.de\/wp-content\/uploads\/Gruene-Felder-von-oben-600x399.jpg 600w, https:\/\/wg-siebketten.de\/wp-content\/uploads\/Gruene-Felder-von-oben-768x511.jpg 768w, https:\/\/wg-siebketten.de\/wp-content\/uploads\/Gruene-Felder-von-oben-1536x1022.jpg 1536w\" sizes=\"(max-width: 1920px) 100vw, 1920px\" \/>\t\t\t\t\t\t\t\t\t\t\t\t\t\t\t<\/div>\n\t\t\t\t<\/div>\n\t\t\t\t<\/div>\n\t\t<div class=\"elementor-element elementor-element-8d9ee63 e-flex e-con-boxed e-con e-parent\" data-id=\"8d9ee63\" data-element_type=\"container\" data-e-type=\"container\">\n\t\t\t\t\t<div class=\"e-con-inner\">\n\t\t\t\t<div class=\"elementor-element elementor-element-670d562 elementor-widget__width-inherit elementor-widget elementor-widget-heading\" data-id=\"670d562\" data-element_type=\"widget\" data-e-type=\"widget\" data-widget_type=\"heading.default\">\n\t\t\t\t<div class=\"elementor-widget-container\">\n\t\t\t\t\t<p class=\"elementor-heading-title elementor-size-default\">November 2025<\/p>\t\t\t\t<\/div>\n\t\t\t\t<\/div>\n\t\t\t\t<div class=\"elementor-element elementor-element-dcabf07 elementor-widget__width-inherit elementor-widget elementor-widget-heading\" data-id=\"dcabf07\" data-element_type=\"widget\" data-e-type=\"widget\" data-widget_type=\"heading.default\">\n\t\t\t\t<div class=\"elementor-widget-container\">\n\t\t\t\t\t<h1 class=\"elementor-heading-title elementor-size-default\">Treffen Sie uns auf der Agritechnica 2025<\/h1>\t\t\t\t<\/div>\n\t\t\t\t<\/div>\n\t\t\t\t<div class=\"elementor-element elementor-element-8041398 elementor-widget-tablet__width-inherit elementor-widget elementor-widget-text-editor\" data-id=\"8041398\" data-element_type=\"widget\" data-e-type=\"widget\" data-widget_type=\"text-editor.default\">\n\t\t\t\t<div class=\"elementor-widget-container\">\n\t\t\t\t\t\t\t\t\t<p>Vom 9. bis 15. November 2025 \u00f6ffnet die AGRITECHNICA in Hannover erneut ihre Tore. Sie finden uns in Halle 25, Stand C21. Nutzen Sie jetzt die Gelegenheit, bereits im Vorfeld einen Termin mit uns zu vereinbaren. Senden Sie uns einfach Ihre Terminanfrage f\u00fcr die AGRITECHNICA 2025 \u2013 wir melden uns umgehend bei Ihnen, um den Termin zu best\u00e4tigen oder gemeinsam eine passende Alternative zu finden.<\/p>\t\t\t\t\t\t\t\t<\/div>\n\t\t\t\t<\/div>\n\t\t\t\t<div class=\"elementor-element elementor-element-1fec7ddc elementor-widget__width-inherit elementor-countdown--label-block elementor-widget elementor-widget-countdown\" data-id=\"1fec7ddc\" data-element_type=\"widget\" data-e-type=\"widget\" data-widget_type=\"countdown.default\">\n\t\t\t\t<div class=\"elementor-widget-container\">\n\t\t\t\t\t\t\t<div class=\"elementor-countdown-wrapper\" data-date=\"1762678800\">\n\t\t\t<div class=\"elementor-countdown-item\"><span class=\"elementor-countdown-digits elementor-countdown-days\"><\/span> <span class=\"elementor-countdown-label\">Tage<\/span><\/div><div class=\"elementor-countdown-item\"><span class=\"elementor-countdown-digits elementor-countdown-hours\"><\/span> <span class=\"elementor-countdown-label\">Stunden<\/span><\/div><div class=\"elementor-countdown-item\"><span class=\"elementor-countdown-digits elementor-countdown-minutes\"><\/span> <span class=\"elementor-countdown-label\">Minuten<\/span><\/div><div class=\"elementor-countdown-item\"><span class=\"elementor-countdown-digits elementor-countdown-seconds\"><\/span> <span class=\"elementor-countdown-label\">Sekunden<\/span><\/div>\t\t<\/div>\n\t\t\t\t\t\t<\/div>\n\t\t\t\t<\/div>\n\t\t\t\t<div class=\"elementor-element elementor-element-7d6c015e elementor-widget__width-inherit elementor-widget elementor-widget-heading\" data-id=\"7d6c015e\" data-element_type=\"widget\" data-e-type=\"widget\" data-widget_type=\"heading.default\">\n\t\t\t\t<div class=\"elementor-widget-container\">\n\t\t\t\t\t<h3 class=\"elementor-heading-title elementor-size-default\">Buchen Sie jetzt Ihren Termin:<\/h3>\t\t\t\t<\/div>\n\t\t\t\t<\/div>\n\t\t\t\t<div class=\"elementor-element elementor-element-62792bef elementor-widget-divider--view-line elementor-invisible elementor-widget elementor-widget-divider\" data-id=\"62792bef\" data-element_type=\"widget\" data-e-type=\"widget\" data-settings=\"{&quot;_animation&quot;:&quot;slideInLeft&quot;}\" data-widget_type=\"divider.default\">\n\t\t\t\t<div class=\"elementor-widget-container\">\n\t\t\t\t\t\t\t<div class=\"elementor-divider\">\n\t\t\t<span class=\"elementor-divider-separator\">\n\t\t\t\t\t\t<\/span>\n\t\t<\/div>\n\t\t\t\t\t\t<\/div>\n\t\t\t\t<\/div>\n\t\t\t\t<div class=\"elementor-element elementor-element-15efec58 elementor-widget__width-initial elementor-widget elementor-widget-formidable\" data-id=\"15efec58\" data-element_type=\"widget\" data-e-type=\"widget\" data-widget_type=\"formidable.default\">\n\t\t\t\t<div class=\"elementor-widget-container\">\n\t\t\t\t\t<div class=\"frm_forms  with_frm_style frm_style_formidable-style\" id=\"frm_form_26_container\" >\n<form enctype=\"multipart\/form-data\" method=\"post\" class=\"frm-show-form  frm_js_validate  frm_ajax_submit  frm_pro_form \" id=\"form_kontakt2\" >\n<div class=\"frm_form_fields \">\n<fieldset>\n<legend class=\"frm_screen_reader\">Agritechnica 2025<\/legend>\r\n\r\n<div class=\"frm_fields_container\">\n<input type=\"hidden\" name=\"frm_action\" value=\"create\" \/>\n<input type=\"hidden\" name=\"form_id\" value=\"26\" \/>\n<input type=\"hidden\" name=\"frm_hide_fields_26\" id=\"frm_hide_fields_26\" value=\"\" \/>\n<input type=\"hidden\" name=\"form_key\" value=\"kontakt2\" \/>\n<input type=\"hidden\" name=\"item_meta[0]\" value=\"\" \/>\n<input type=\"hidden\" id=\"frm_submit_entry_26\" name=\"frm_submit_entry_26\" value=\"23e50fc007\" \/><input type=\"hidden\" name=\"_wp_http_referer\" value=\"\/de\/wp-json\/wp\/v2\/pages\/34315\" \/><div id=\"frm_field_717_container\" class=\"frm_form_field frm_section_heading form-field  frm12 frm_first frm_hide_section\">\r\n<h3 class=\"frm_pos_none frm_section_spacing\">Bereich<\/h3>\r\n\r\n\r\n<div id=\"frm_field_737_container\" class=\"frm_form_field form-field  frm_top_container frm6 frm_first\">\r\n\t<label for=\"field_j2bu2\" id=\"field_j2bu2_label\" class=\"frm_primary_label\">Vorname\r\n\t\t<span class=\"frm_required\" aria-hidden=\"true\"><\/span>\r\n\t<\/label>\r\n\t<input  type=\"text\" id=\"field_j2bu2\" name=\"item_meta[737]\" value=\"\"  data-sectionid=\"717\"  data-invmsg=\"Vorname ist ung\u00fcltig\" aria-invalid=\"false\"   \/>\r\n\t\r\n\t\r\n<\/div>\n<div id=\"frm_field_738_container\" class=\"frm_form_field form-field  frm_required_field frm_top_container frm6\">\r\n\t<label for=\"field_xorfc\" id=\"field_xorfc_label\" class=\"frm_primary_label\">Nachname\r\n\t\t<span class=\"frm_required\" aria-hidden=\"true\">*<\/span>\r\n\t<\/label>\r\n\t<input  type=\"text\" id=\"field_xorfc\" name=\"item_meta[738]\" value=\"\"  data-sectionid=\"717\"  data-reqmsg=\"Nachname cannot be blank.\" aria-required=\"true\" data-invmsg=\"Nachname ist ung\u00fcltig\" aria-invalid=\"false\"   \/>\r\n\t\r\n\t\r\n<\/div>\n<div id=\"frm_field_739_container\" class=\"frm_form_field form-field  frm_top_container frm4 frm_first\">\r\n\t<label for=\"field_c6jph\" id=\"field_c6jph_label\" class=\"frm_primary_label\">Telefon\r\n\t\t<span class=\"frm_required\" aria-hidden=\"true\"><\/span>\r\n\t<\/label>\r\n\t<input type=\"tel\" id=\"field_c6jph\" name=\"item_meta[739]\" value=\"\"  data-sectionid=\"717\"  placeholder=\"+49\" data-invmsg=\"Telefon ist ung\u00fcltig\" aria-invalid=\"false\" pattern=\"((\\+\\d{1,3}(-|.| )?\\(?\\d\\)?(-| |.)?\\d{1,5})|(\\(?\\d{2,6}\\)?))(-|.| )?(\\d{3,4})(-|.| )?(\\d{4})(( x| ext)\\d{1,5}){0,1}$\"  \/>\r\n\t\r\n\t\r\n<\/div>\n<div id=\"frm_field_721_container\" class=\"frm_form_field form-field  frm_required_field frm_top_container frm4\">\r\n    <label for=\"field_2jt7646\" id=\"field_2jt7646_label\" class=\"frm_primary_label\">E-Mail\r\n        <span class=\"frm_required\">*<\/span>\r\n    <\/label>\r\n    <input type=\"email\" id=\"field_2jt7646\" name=\"item_meta[721]\" value=\"\"  data-sectionid=\"416\"  data-reqmsg=\"E-Mail cannot be blank.\" aria-required=\"true\" data-invmsg=\"E-Mail ist ung\u00fcltig\" aria-invalid=\"false\"  \/>\r\n    \r\n    \r\n<\/div>\n<div id=\"frm_field_740_container\" class=\"frm_form_field form-field  frm_required_field frm_top_container frm4\">\r\n\t<label for=\"field_keg6y\" id=\"field_keg6y_label\" class=\"frm_primary_label\">Unternehmen\r\n\t\t<span class=\"frm_required\" aria-hidden=\"true\">*<\/span>\r\n\t<\/label>\r\n\t<input  type=\"text\" id=\"field_keg6y\" name=\"item_meta[740]\" value=\"\"  data-sectionid=\"717\"  data-reqmsg=\"Unternehmen cannot be blank.\" aria-required=\"true\" data-invmsg=\"Unternehmen ist ung\u00fcltig\" aria-invalid=\"false\"   \/>\r\n\t\r\n\t\r\n<\/div>\n<div id=\"frm_field_732_container\" class=\"frm_form_field form-field  frm_required_field frm_top_container frm4 frm_first\">\r\n\t<label for=\"field_g8abz\" id=\"field_g8abz_label\" class=\"frm_primary_label\">gew\u00fcnschter Messetag \r\n\t\t<span class=\"frm_required\" aria-hidden=\"true\">*<\/span>\r\n\t<\/label>\r\n\t<input type=\"text\" id=\"field_g8abz\" name=\"item_meta[732]\" value=\"\"  data-sectionid=\"717\"  maxlength=\"10\" data-reqmsg=\"gew\u00fcnschter Messetag  cannot be blank.\" aria-required=\"true\" data-invmsg=\"gew\u00fcnschter Messetag  ist ung\u00fcltig\" class=\"frm_date\" aria-invalid=\"false\"  \/>\r\n\t\r\n\t\r\n<\/div>\n<div id=\"frm_field_733_container\" class=\"frm_form_field form-field  frm_required_field frm_top_container frm4\">\r\n\t<div  id=\"field_aki1e_label\" class=\"frm_primary_label\">gew\u00fcnschte Uhrzeit\r\n\t\t<span class=\"frm_required\" aria-hidden=\"true\">*<\/span>\r\n\t<\/div>\r\n\t<select aria-labelledby=\"field_aki1e_label\" name=\"item_meta[733]\" id=\"field_aki1e\"  data-sectionid=\"717\"  data-reqmsg=\"gew\u00fcnschte Uhrzeit cannot be blank.\" aria-required=\"true\" data-invmsg=\"gew\u00fcnschte Uhrzeit ist ung\u00fcltig\" aria-invalid=\"false\"  ><option value=\"\"  selected='selected'><\/option><option value=\"09:00\" >09:00<\/option><option value=\"09:30\" >09:30<\/option><option value=\"10:00\" >10:00<\/option><option value=\"10:30\" >10:30<\/option><option value=\"11:00\" >11:00<\/option><option value=\"11:30\" >11:30<\/option><option value=\"12:00\" >12:00<\/option><option value=\"12:30\" >12:30<\/option><option value=\"13:00\" >13:00<\/option><option value=\"13:30\" >13:30<\/option><option value=\"14:00\" >14:00<\/option><option value=\"14:30\" >14:30<\/option><option value=\"15:00\" >15:00<\/option><option value=\"15:30\" >15:30<\/option><option value=\"16:00\" >16:00<\/option><option value=\"16:30\" >16:30<\/option><option value=\"17:00\" >17:00<\/option><\/select>\r\n\t\r\n\t\r\n<\/div>\n<div id=\"frm_field_734_container\" class=\"frm_form_field form-field  frm_top_container frm4 vertical_radio\">\r\n\t<div  id=\"field_9uim_label\" class=\"frm_primary_label\">Interessiert an einem Tagesticket? (Mi-Sa)\r\n\t\t<span class=\"frm_required\" aria-hidden=\"true\"><\/span>\r\n\t<\/div>\r\n\t<div class=\"frm_opt_container\" aria-labelledby=\"field_9uim_label\" role=\"radiogroup\">\t\t<div class=\"frm_radio\" id=\"frm_radio_734-717-0\">\t\t\t<label  for=\"field_9uim-0\">\n\t\t\t\t\t<input type=\"radio\" name=\"item_meta[734]\" id=\"field_9uim-0\" value=\"Ja\"\n\t\t data-sectionid=\"717\"  data-invmsg=\"Interessiert an einem Tagesticket? (Mi-Sa) ist ung\u00fcltig\"   \/> Ja<\/label><\/div>\n<\/div>\r\n\t\r\n\t\r\n<\/div>\n<div id=\"frm_field_741_container\" class=\"frm_form_field form-field  frm_required_field frm_top_container\">\r\n\t<label for=\"field_ewcl\" id=\"field_ewcl_label\" class=\"frm_primary_label\">F\u00fcr welche Themenbereiche w\u00fcnschen Sie eine Beratung?\r\n\t\t<span class=\"frm_required\" aria-hidden=\"true\">*<\/span>\r\n\t<\/label>\r\n\t<textarea name=\"item_meta[741]\" id=\"field_ewcl\" rows=\"5\"  data-sectionid=\"717\"  data-reqmsg=\"F\u00fcr welche Themenbereiche w\u00fcnschen Sie eine Beratung? cannot be blank.\" aria-required=\"true\" data-invmsg=\"F\u00fcr welche Themenbereiche w\u00fcnschen Sie eine Beratung? ist ung\u00fcltig\" aria-invalid=\"false\"  ><\/textarea>\r\n\t\r\n\t\r\n<\/div>\n<div id=\"frm_field_742_container\" class=\"frm_form_field form-field  frm_required_field frm_top_container frm_two_thirds vertical_radio\">\r\n\t<div  id=\"field_ajlpr_label\" class=\"frm_primary_label\">Datenschutz\r\n\t\t<span class=\"frm_required\" aria-hidden=\"true\">*<\/span>\r\n\t<\/div>\r\n\t<div class=\"frm_opt_container\" aria-labelledby=\"field_ajlpr_label\" role=\"group\">\t\t<div class=\"frm_checkbox\" id=\"frm_checkbox_742-717-0\">\t\t\t<label  for=\"field_ajlpr-0\">\n\t\t\t<input type=\"checkbox\" name=\"item_meta[742][]\" id=\"field_ajlpr-0\" value=\"Hiermit akzeptiere ich die &lt;a href=&quot;https:\/\/wg-siebketten.de\/de\/datenschutzerklaerung\/&quot;&gt;Datenschutzbestimmungen&lt;\/a&gt;.\"  data-sectionid=\"717\"  data-reqmsg=\"Datenschutz cannot be blank.\" data-invmsg=\"Datenschutz ist ung\u00fcltig\"   aria-required=\"true\"  \/> Hiermit akzeptiere ich die <a href=\"https:\/\/wg-siebketten.de\/de\/datenschutzerklaerung\/\">Datenschutzbestimmungen<\/a>.<\/label><\/div>\n<\/div>\r\n\t\r\n\t\r\n<\/div>\n<div id=\"frm_field_743_container\" class=\"frm_form_field  frm_third frm_html_container form-field\">\n<div style=\"color: #35ad71; text-align: right;\"><span style=\"color: #35ad71;\">*<\/span> = Pflichtfeld<\/div>\n<\/div>\n<input type=\"hidden\" name=\"item_meta[727]\" id=\"field_99t3x36\" value=\"https:\/\/www.jaegergroup.com\/de\/wp-json\/wp\/v2\/pages\/34315\"  data-sectionid=\"416\"  data-frmval=\"https:\/\/www.jaegergroup.com\/de\/wp-json\/wp\/v2\/pages\/34315\"   \/>\n<\/div>\n<div id=\"frm_field_729_container\" class=\"frm_form_field form-field  frm_none_container\">\r\n    <label for=\"g-recaptcha-response\" id=\"field_lkqpk2_label\" class=\"frm_primary_label\">Captcha\r\n        <span class=\"frm_required\"><\/span>\r\n    <\/label>\r\n    <div  id=\"field_lkqpk2\" class=\"frm-g-recaptcha\" data-sitekey=\"6LfWiGIrAAAAALtUILKX8RN053DcX95_vbkPdmwG\" data-size=\"invisible\" data-theme=\"light\"><\/div>\r\n    \r\n    \r\n<\/div>\n<div id=\"frm_field_730_container\" class=\"frm_form_field form-field \">\r\n\t<div class=\"frm_submit\">\r\n\r\n<button class=\"frm_button_submit frm_final_submit\" type=\"submit\"   formnovalidate=\"formnovalidate\">Senden<\/button>\r\n\r\n<\/div>\r\n<\/div>\n\t<input type=\"hidden\" name=\"item_key\" value=\"\" \/>\n\t\t\t<div id=\"frm_field_744_container\">\n\t\t\t<label for=\"field_v3uzy\" >\n\t\t\t\tFalls Du menschlich bist, lasse dieses Feld leer.\t\t\t<\/label>\n\t\t\t<input  id=\"field_v3uzy\" type=\"text\" class=\"frm_form_field form-field frm_verify\" name=\"item_meta[744]\" value=\"\"  \/>\n\t\t<\/div>\n\t\t<input name=\"frm_state\" type=\"hidden\" value=\"M4kAo45WGQpmnXQWVMk97uuLvjanV0rZ48YBrtieugXLSn0p++l\/7lRel8i2KxNu\" \/><\/div>\n<\/fieldset>\n<\/div>\n\n<\/form>\n<\/div>\n\t\t\t\t<\/div>\n\t\t\t\t<\/div>\n\t\t\t\t\t<\/div>\n\t\t\t\t<\/div>\n\t\t\t\t<\/div>\n\t\t","protected":false},"excerpt":{"rendered":"<p>November 2025 Treffen Sie uns auf der Agritechnica 2025 Vom 9. bis 15. November 2025 \u00f6ffnet die AGRITECHNICA in Hannover erneut ihre Tore. Sie finden uns in Halle 25, Stand C21. Nutzen Sie jetzt die Gelegenheit, bereits im Vorfeld einen Termin mit uns zu vereinbaren. Senden Sie uns einfach Ihre Terminanfrage f\u00fcr die AGRITECHNICA 2025 [&hellip;]<\/p>\n","protected":false},"author":2,"featured_media":0,"parent":0,"menu_order":0,"comment_status":"closed","ping_status":"closed","template":"elementor_header_footer","meta":{"_acf_changed":false,"inline_featured_image":false,"footnotes":""},"class_list":["post-34315","page","type-page","status-publish","hentry"],"acf":[],"_links":{"self":[{"href":"https:\/\/wg-siebketten.de\/de\/wp-json\/wp\/v2\/pages\/34315","targetHints":{"allow":["GET"]}}],"collection":[{"href":"https:\/\/wg-siebketten.de\/de\/wp-json\/wp\/v2\/pages"}],"about":[{"href":"https:\/\/wg-siebketten.de\/de\/wp-json\/wp\/v2\/types\/page"}],"author":[{"embeddable":true,"href":"https:\/\/wg-siebketten.de\/de\/wp-json\/wp\/v2\/users\/2"}],"replies":[{"embeddable":true,"href":"https:\/\/wg-siebketten.de\/de\/wp-json\/wp\/v2\/comments?post=34315"}],"version-history":[{"count":11,"href":"https:\/\/wg-siebketten.de\/de\/wp-json\/wp\/v2\/pages\/34315\/revisions"}],"predecessor-version":[{"id":34331,"href":"https:\/\/wg-siebketten.de\/de\/wp-json\/wp\/v2\/pages\/34315\/revisions\/34331"}],"wp:attachment":[{"href":"https:\/\/wg-siebketten.de\/de\/wp-json\/wp\/v2\/media?parent=34315"}],"curies":[{"name":"wp","href":"https:\/\/api.w.org\/{rel}","templated":true}]}}