{"id":34150,"date":"2026-02-26T09:51:57","date_gmt":"2026-02-26T09:51:57","guid":{"rendered":"https:\/\/development.wg-siebketten.de\/widerrufsbelehrung\/"},"modified":"2026-04-23T08:31:55","modified_gmt":"2026-04-23T08:31:55","slug":"widerrufsbelehrung","status":"publish","type":"page","link":"https:\/\/wg-siebketten.de\/de\/widerrufsbelehrung\/","title":{"rendered":"Widerrufsrecht f\u00fcr Verbraucher"},"content":{"rendered":"\n<p>Verbrauchern steht ein gesetzliches Widerrufsrecht zu.<\/p>\n\n\n\n<p><strong>Widerrufsbelehrung Widerrufsrecht:<\/strong><\/p>\n\n\n\n<p>Sie haben das Recht, binnen 14 Tagen ohne Angabe von Gr\u00fcnden diesen Vertrag zu widerrufen. Die Widerrufsfrist betr\u00e4gt 14 Tage ab dem Tag, an dem Sie oder ein von Ihnen benannter Dritter die Waren in Besitz genommen haben.<\/p>\n\n\n\n<p>Um Ihr Widerrufsrecht auszu\u00fcben, m\u00fcssen Sie uns Windgassen GmbH, Einsteinstr. 5, 33104 Paderborn, <a href=\"mailto:info@wg-siebketten.de\">info@wg-siebketten.de<\/a> mittels einer eindeutigen Erkl\u00e4rung (z.\u202fB. per E\u2011Mail oder Brief) \u00fcber Ihren Entschluss informieren.<\/p>\n\n\n\n<p><strong>Folgen des Widerrufs:<\/strong><\/p>\n\n\n\n<p>Wir erstatten Ihnen alle Zahlungen einschlie\u00dflich der Lieferkosten (mit Ausnahme zus\u00e4tzlicher Kosten f\u00fcr Sonderlieferungen) unverz\u00fcglich und sp\u00e4testens binnen 14 Tagen ab Eingang Ihres Widerrufs.<\/p>\n\n\n\n<p>Wir k\u00f6nnen die R\u00fcckzahlung verweigern, bis wir die Waren zur\u00fcckerhalten haben. Sie tragen die unmittelbaren Kosten der R\u00fccksendung der Waren.<\/p>\n\n\n\n<p><strong>Ausschluss des Widerrufsrechts<\/strong><\/p>\n\n\n\n<p>Das Widerrufsrecht besteht nicht bei Vertr\u00e4gen \u00fcber Waren, die nicht vorgefertigt sind und f\u00fcr deren Herstellung eine individuelle Auswahl oder Bestimmung durch den Verbraucher ma\u00dfgeblich ist oder die eindeutig auf die pers\u00f6nlichen Bed\u00fcrfnisse des Verbrauchers zugeschnitten sind (\u00a7\u202f312g Abs.\u202f2 Nr.\u202f1 BGB).<\/p>\n\n\n\n<p><\/p>\n\n\n\n<h3 class=\"wp-block-heading\">Muster-Widerrufsformular<\/h3>\n\n\n\n<p><em>(Wenn Sie den Vertrag widerrufen wollen, dann f\u00fcllen Sie bitte dieses Formular aus und senden Sie es zur\u00fcck.)<\/em><\/p>\n\n\n\n<p><strong>An:<\/strong> Windgassen GmbH Einsteinstr. 5 33104 Paderborn E-Mail: info@wg-siebketten.de<\/p>\n\n\n\n<p><em>Hiermit widerrufe(n) ich\/wir ( ) den von mir\/uns (<\/em> ) abgeschlossenen Vertrag \u00fcber den Kauf der folgenden Waren (* )\/die Erbringung der folgenden Dienstleistung (* ):**<\/p>\n\n\n\n<hr class=\"wp-block-separator has-alpha-channel-opacity\"\/>\n\n\n\n<hr class=\"wp-block-separator has-alpha-channel-opacity\"\/>\n\n\n\n<p><em>Bestellt am ( ) \/ erhalten am (<\/em> ):**<\/p>\n\n\n\n<hr class=\"wp-block-separator has-alpha-channel-opacity\"\/>\n\n\n\n<p><strong>Name des\/der Verbraucher(s):<\/strong><\/p>\n\n\n\n<hr class=\"wp-block-separator has-alpha-channel-opacity\"\/>\n\n\n\n<p><strong>Anschrift des\/der Verbraucher(s):<\/strong><\/p>\n\n\n\n<hr class=\"wp-block-separator has-alpha-channel-opacity\"\/>\n\n\n\n<p><strong>Unterschrift des\/der Verbraucher(s) (nur bei Mitteilung auf Papier):<\/strong><\/p>\n\n\n\n<hr class=\"wp-block-separator has-alpha-channel-opacity\"\/>\n\n\n\n<p><strong>Datum:<\/strong><\/p>\n\n\n\n<hr class=\"wp-block-separator has-alpha-channel-opacity\"\/>\n\n\n\n<p><em>(<\/em>) Unzutreffendes streichen.*<\/p>\n","protected":false},"excerpt":{"rendered":"<p>Verbrauchern steht ein gesetzliches Widerrufsrecht zu. Widerrufsbelehrung Widerrufsrecht: Sie haben das Recht, binnen 14 Tagen ohne Angabe von Gr\u00fcnden diesen Vertrag zu widerrufen. Die Widerrufsfrist betr\u00e4gt 14 Tage ab dem Tag, an dem Sie oder ein von Ihnen benannter Dritter die Waren in Besitz genommen haben. Um Ihr Widerrufsrecht auszu\u00fcben, m\u00fcssen Sie uns Windgassen GmbH, [&hellip;]<\/p>\n","protected":false},"author":11,"featured_media":0,"parent":0,"menu_order":0,"comment_status":"closed","ping_status":"closed","template":"","meta":{"_acf_changed":false,"inline_featured_image":false,"footnotes":""},"class_list":["post-34150","page","type-page","status-publish","hentry"],"acf":[],"_links":{"self":[{"href":"https:\/\/wg-siebketten.de\/de\/wp-json\/wp\/v2\/pages\/34150","targetHints":{"allow":["GET"]}}],"collection":[{"href":"https:\/\/wg-siebketten.de\/de\/wp-json\/wp\/v2\/pages"}],"about":[{"href":"https:\/\/wg-siebketten.de\/de\/wp-json\/wp\/v2\/types\/page"}],"author":[{"embeddable":true,"href":"https:\/\/wg-siebketten.de\/de\/wp-json\/wp\/v2\/users\/11"}],"replies":[{"embeddable":true,"href":"https:\/\/wg-siebketten.de\/de\/wp-json\/wp\/v2\/comments?post=34150"}],"version-history":[{"count":1,"href":"https:\/\/wg-siebketten.de\/de\/wp-json\/wp\/v2\/pages\/34150\/revisions"}],"predecessor-version":[{"id":35770,"href":"https:\/\/wg-siebketten.de\/de\/wp-json\/wp\/v2\/pages\/34150\/revisions\/35770"}],"wp:attachment":[{"href":"https:\/\/wg-siebketten.de\/de\/wp-json\/wp\/v2\/media?parent=34150"}],"curies":[{"name":"wp","href":"https:\/\/api.w.org\/{rel}","templated":true}]}}